{"id":7864,"date":"2020-10-07T09:30:28","date_gmt":"2020-10-07T07:30:28","guid":{"rendered":"https:\/\/ulassa.com\/tools\/agile-starter-box-english-version-2\/"},"modified":"2023-01-11T12:53:14","modified_gmt":"2023-01-11T11:53:14","slug":"agile-starter-box-english-version","status":"publish","type":"product","link":"https:\/\/ulassa.com\/de\/agile-starter-box-english-version-2\/","title":{"rendered":"Agile Starter Box ENGLISH Version"},"content":{"rendered":"\t\t<div data-elementor-type=\"product-post\" data-elementor-id=\"7864\" class=\"elementor elementor-7864 elementor-6289\" data-elementor-post-type=\"product\">\n\t\t\t\t<div class=\"has_ae_slider elementor-element elementor-element-0f0c8ac e-flex e-con-boxed ae-bg-gallery-type-default e-con e-parent\" data-id=\"0f0c8ac\" data-element_type=\"container\" data-e-type=\"container\">\n\t\t\t\t\t<div class=\"e-con-inner\">\n\t\t\t\t<div class=\"elementor-element elementor-element-aed4d1a elementor-widget elementor-widget-template\" data-id=\"aed4d1a\" data-element_type=\"widget\" data-e-type=\"widget\" data-widget_type=\"template.default\">\n\t\t\t\t<div class=\"elementor-widget-container\">\n\t\t\t\t\t\t\t<div class=\"elementor-template\">\n\t\t\t\t\t<div data-elementor-type=\"container\" data-elementor-id=\"10537\" class=\"elementor elementor-10537 elementor-10246\" data-elementor-post-type=\"elementor_library\">\n\t\t\t\t<div class=\"has_ae_slider elementor-element elementor-element-174ddb4 e-flex e-con-boxed ae-bg-gallery-type-default e-con e-parent\" data-id=\"174ddb4\" data-element_type=\"container\" data-e-type=\"container\" data-settings=\"{&quot;background_background&quot;:&quot;classic&quot;}\">\n\t\t\t\t\t<div class=\"e-con-inner\">\n\t\t<div class=\"has_ae_slider elementor-element elementor-element-78d359c e-con-full e-flex ae-bg-gallery-type-default elementor-invisible e-con e-parent\" data-id=\"78d359c\" data-element_type=\"container\" data-e-type=\"container\" data-settings=\"{&quot;animation&quot;:&quot;fadeInLeft&quot;}\">\n\t\t<div class=\"has_ae_slider elementor-element elementor-element-7b0e782 e-con-full e-flex ae-bg-gallery-type-default e-con e-parent\" data-id=\"7b0e782\" data-element_type=\"container\" data-e-type=\"container\">\n\t\t\t\t<div class=\"elementor-element elementor-element-fcd73ff elementor-view-default elementor-widget elementor-widget-icon\" data-id=\"fcd73ff\" data-element_type=\"widget\" data-e-type=\"widget\" data-widget_type=\"icon.default\">\n\t\t\t\t<div class=\"elementor-widget-container\">\n\t\t\t\t\t\t\t<div class=\"elementor-icon-wrapper\">\n\t\t\t<div class=\"elementor-icon\">\n\t\t\t<svg xmlns=\"http:\/\/www.w3.org\/2000\/svg\" id=\"a\" data-name=\"Ebene 1\" viewBox=\"0 0 200 200\"><defs><style>      .h {        fill: #fff;      }      .i {        fill: #0860a8;      }      .j {        fill: #4da961;      }      .k {        fill: #541f8a;      }      .l {        fill: #0385d1;      }    <\/style><\/defs><path id=\"b\" data-name=\"Pfad 247\" class=\"i\" d=\"M26.17,86.96v78.66h102.31v-38.93l-16.86-39.73s-85.45,0-85.45,0Z\"><\/path><path id=\"c\" data-name=\"Pfad 248\" class=\"j\" d=\"M93.33,57.96c-3.27,3.25-8.31,4.35-11.96,4.71-1.68,.16-3.37,.21-5.06,.14-.18-4.69,.5-12.5,4.9-16.86,3.27-3.25,8.31-4.35,11.96-4.71,1.68-.16,3.37-.21,5.06-.14,.18,4.69-.5,12.5-4.9,16.86m-33.83,1.8c-2.51-2.49-3.11-6.89-3.11-9.98,3.12,0,7.55,.6,10.06,3.09,2.51,2.49,3.11,6.89,3.11,9.98-3.12,0-7.55-.6-10.06-3.09m45.17-22.25l-.36-2.46-2.49-.37c-.67-.1-16.51-2.27-25.38,6.53-2.09,2.12-3.7,4.65-4.74,7.44-.16-.17-.32-.35-.49-.52-6.51-6.46-18-4.89-18.49-4.82l-2.49,.36-.36,2.46c-.07,.48-1.65,11.88,4.85,18.34,4.32,4.29,10.82,5.04,14.86,5.04h.18v22.68c2.18-.75,4.55-.75,6.74,0v-22.69c.4,.01,.82,.02,1.26,.02,5.56,0,14.46-1.03,20.31-6.84,8.87-8.79,6.69-24.51,6.59-25.18\"><\/path><path id=\"d\" data-name=\"Pfad 249\" class=\"h\" d=\"M65.3,158.12h-5.54c-1.1,.03-2.01-.84-2.04-1.93-.03-1.1,.84-2.01,1.93-2.04h5.65c1.1-.03,2.01,.84,2.04,1.93,.03,1.1-.84,2.01-1.93,2.04h-.1m-11.74,0h-15.25c-1.1,.03-2.01-.84-2.04-1.93-.03-1.1,.84-2.01,1.93-2.04h15.34c1.1-.03,2.01,.84,2.04,1.93,.03,1.1-.84,2.01-1.93,2.04h-.1m-5.67-7.93h-9.57c-1.1,.03-2.01-.84-2.04-1.93-.03-1.1,.84-2.01,1.93-2.04h9.67c1.1-.03,2.01,.84,2.04,1.93,.03,1.1-.84,2.01-1.93,2.04h-.1\"><\/path><path id=\"e\" data-name=\"Pfad 252\" class=\"k\" d=\"M105.05,63.65l18.88-8.01,42.15,99.31-18.88,8.01L105.05,63.65Z\"><\/path><path id=\"f\" data-name=\"Pfad 250\" class=\"j\" d=\"M172.96,107.87c-1.2-3.06-3.7-7.18-11.48-7.66-.87-.06-1.66-.05-2.46-.04,.72-.71,1.46-1.46,2.19-2.32,5.26-6.18,3.98-11.03,2.56-14.14-2.43-5.32-6.7-7.1-12.69-5.27-6.42,2.1-10.41,8.51-9.46,15.2,.4,2.13,1.02,4.22,1.87,6.22l-19.77,8.4,4.44,10.46,19.76-8.39c.91,2.2,2.05,4.29,3.42,6.24,2.58,3.25,6.5,5.15,10.65,5.19,2.15,0,4.27-.54,6.15-1.58,5.27-2.92,6.9-7.06,4.84-12.3m-20.71-25.62c.97-.32,1.99-.5,3.02-.53,2.26,0,3.76,1.17,4.89,3.64,1.17,2.57,1.75,5.55-1.97,9.91-2.48,3.09-5.72,5.49-9.39,6.97-1.39-2.91-2.47-5.95-3.22-9.09-.72-4.78,2.09-9.38,6.67-10.92m13.94,34.45c-4.04,2.1-9.01,.99-11.78-2.63-1.63-2.56-2.99-5.28-4.06-8.12,3.42-1.49,7.16-2.1,10.87-1.78,5.4,.34,7.05,2.67,8.02,5.15,1.09,2.79,1,5.12-3.06,7.37\"><\/path><path id=\"g\" data-name=\"Pfad 251\" class=\"l\" d=\"M111.72,87.21H26.17v7.54H114.92l-3.2-7.54Z\"><\/path><\/svg>\t\t\t<\/div>\n\t\t<\/div>\n\t\t\t\t\t\t<\/div>\n\t\t\t\t<\/div>\n\t\t\t\t<\/div>\n\t\t<div class=\"has_ae_slider elementor-element elementor-element-a1e4304 e-con-full e-flex ae-bg-gallery-type-default e-con e-parent\" data-id=\"a1e4304\" data-element_type=\"container\" data-e-type=\"container\">\n\t\t\t\t<div class=\"elementor-element elementor-element-79e3cc4 elementor-widget elementor-widget-heading\" data-id=\"79e3cc4\" data-element_type=\"widget\" data-e-type=\"widget\" data-widget_type=\"heading.default\">\n\t\t\t\t<div class=\"elementor-widget-container\">\n\t\t\t\t\t<h2 class=\"elementor-heading-title elementor-size-default\"><b><u>Eine sch\u00f6ne L\u00f6sung,<\/u> alles in einer Box<\/b><\/h2>\t\t\t\t<\/div>\n\t\t\t\t<\/div>\n\t\t\t\t<div class=\"elementor-element elementor-element-9caeb68 elementor-widget elementor-widget-text-editor\" data-id=\"9caeb68\" data-element_type=\"widget\" data-e-type=\"widget\" data-widget_type=\"text-editor.default\">\n\t\t\t\t<div class=\"elementor-widget-container\">\n\t\t\t\t\t\t\t\t\t<p>Diese Box enth\u00e4lt alles, was Sie und Ihr Team brauchen, um sofort in einer agilen Softwareentwicklungsumgebung loslegen zu k\u00f6nnen. \u00a030 Knowledge Cards, mehrere Sets von Planning Poker Cards, der offizielle Scrum Guide, ein \u00fcberdimensionales Scrum Flow Poster, zwei Packungen Awesome Cards sowie Awesome Notes, Badges f\u00fcr jedes Teammitglied sowie jede Menge Material f\u00fcr Ihren agilen Arbeitsalltag sind enthalten &#8211; damit Sie ohne weitere Verz\u00f6gerung in Ihren Scrum-basierten Entwicklungsprozess starten k\u00f6nnen!<\/p>\t\t\t\t\t\t\t\t<\/div>\n\t\t\t\t<\/div>\n\t\t\t\t<\/div>\n\t\t\t\t<\/div>\n\t\t\t\t\t<\/div>\n\t\t\t\t<\/div>\n\t\t\t\t<\/div>\n\t\t\t\t<\/div>\n\t\t\t\t\t\t<\/div>\n\t\t\t\t<\/div>\n\t\t\t\t<div class=\"elementor-element elementor-element-64ac7d2 elementor-widget elementor-widget-heading\" data-id=\"64ac7d2\" data-element_type=\"widget\" data-e-type=\"widget\" data-widget_type=\"heading.default\">\n\t\t\t\t<div class=\"elementor-widget-container\">\n\t\t\t\t\t<p class=\"elementor-heading-title elementor-size-default\"> <\/p>\t\t\t\t<\/div>\n\t\t\t\t<\/div>\n\t\t\t\t\t<\/div>\n\t\t\t\t<\/div>\n\t\t\t\t<\/div>\n\t\t","protected":false},"excerpt":{"rendered":"<p class=\"p1\" style=\"font-size: 14px;border-top: 0px;font-family: Raleway, Helvetica, Arial, Lucida, sans-serif;border-right: 0px;vertical-align: baseline;border-bottom: 0px;text-transform: none;font-weight: 500;padding-bottom: 1em;font-style: normal;text-align: left;padding-top: 0px;padding-left: 0px;border-left: 0px;margin: 0px;letter-spacing: normal;padding-right: 0px;text-indent: 0px\"><strong style=\"font-size: 14px;border-top: 0px;border-right: 0px;vertical-align: baseline;background: 0px 0px;border-bottom: 0px;font-weight: 700;padding-bottom: 0px;padding-top: 0px;padding-left: 0px;border-left: 0px;margin: 0px;padding-right: 0px\">A beautiful solution, all in one box<\/strong><\/p>\n<p style=\"font-size: 14px;border-top: 0px;font-family: Raleway, Helvetica, Arial, Lucida, sans-serif;border-right: 0px;vertical-align: baseline;border-bottom: 0px;text-transform: none;font-weight: 500;padding-bottom: 0px;font-style: normal;text-align: left;padding-top: 0px;padding-left: 0px;border-left: 0px;margin: 0px;letter-spacing: normal;padding-right: 0px;text-indent: 0px\">This box contains everything you and your team need to get started immediately in an agile software development environment.<span>&nbsp;<\/span><\/p>\n","protected":false},"featured_media":10046,"template":"","meta":{"_acf_changed":false},"product_brand":[],"product_cat":[200,214],"product_tag":[],"class_list":{"0":"post-7864","1":"product","2":"type-product","3":"status-publish","4":"has-post-thumbnail","6":"product_cat-agile-knowhow-de","7":"product_cat-scrum-starter-box-de","8":"member-discount","9":"discount-restricted","11":"first","12":"instock","13":"taxable","14":"shipping-taxable","15":"purchasable","16":"product-type-simple"},"acf":[],"yoast_head":"<!-- This site is optimized with the Yoast SEO plugin v27.0 - https:\/\/yoast.com\/product\/yoast-seo-wordpress\/ -->\n<title>Agile Starter Box ENGLISH Version - Ulassa<\/title>\n<meta name=\"description\" content=\"Ulassa - Buy our Ulassa Scrum products to support your project management - \u2713 See for yourself!\" \/>\n<meta name=\"robots\" content=\"index, follow, max-snippet:-1, max-image-preview:large, max-video-preview:-1\" \/>\n<link rel=\"canonical\" href=\"https:\/\/ulassa.com\/de\/agile-starter-box-english-version-2\/\" \/>\n<meta property=\"og:locale\" content=\"de_DE\" \/>\n<meta property=\"og:type\" content=\"article\" \/>\n<meta property=\"og:title\" content=\"Agile Starter Box ENGLISH Version - Ulassa\" \/>\n<meta property=\"og:description\" content=\"Ulassa - Buy our Ulassa Scrum products to support your project management - \u2713 See for yourself!\" \/>\n<meta property=\"og:url\" content=\"https:\/\/ulassa.com\/de\/agile-starter-box-english-version-2\/\" \/>\n<meta property=\"og:site_name\" content=\"Ulassa\" \/>\n<meta property=\"article:publisher\" content=\"https:\/\/www.facebook.com\/ulassacom\" \/>\n<meta property=\"article:modified_time\" content=\"2023-01-11T11:53:14+00:00\" \/>\n<meta property=\"og:image\" content=\"https:\/\/ulassa.com\/wp-content\/uploads\/2022\/12\/3337_Product-3.jpg\" \/>\n\t<meta property=\"og:image:width\" content=\"1600\" \/>\n\t<meta property=\"og:image:height\" content=\"1200\" \/>\n\t<meta property=\"og:image:type\" content=\"image\/jpeg\" \/>\n<meta name=\"twitter:card\" content=\"summary_large_image\" \/>\n<script type=\"application\/ld+json\" class=\"yoast-schema-graph\">{\"@context\":\"https:\/\/schema.org\",\"@graph\":[{\"@type\":\"WebPage\",\"@id\":\"https:\/\/ulassa.com\/de\/agile-starter-box-english-version-2\/\",\"url\":\"https:\/\/ulassa.com\/de\/agile-starter-box-english-version-2\/\",\"name\":\"Agile Starter Box ENGLISH Version - Ulassa\",\"isPartOf\":{\"@id\":\"https:\/\/ulassa.com\/de\/#website\"},\"primaryImageOfPage\":{\"@id\":\"https:\/\/ulassa.com\/de\/agile-starter-box-english-version-2\/#primaryimage\"},\"image\":{\"@id\":\"https:\/\/ulassa.com\/de\/agile-starter-box-english-version-2\/#primaryimage\"},\"thumbnailUrl\":\"https:\/\/ulassa.com\/wp-content\/uploads\/2022\/12\/3337_Product-3.jpg\",\"datePublished\":\"2020-10-07T07:30:28+00:00\",\"dateModified\":\"2023-01-11T11:53:14+00:00\",\"description\":\"Ulassa - Buy our Ulassa Scrum products to support your project management - \u2713 See for yourself!\",\"breadcrumb\":{\"@id\":\"https:\/\/ulassa.com\/de\/agile-starter-box-english-version-2\/#breadcrumb\"},\"inLanguage\":\"de\",\"potentialAction\":[{\"@type\":\"ReadAction\",\"target\":[\"https:\/\/ulassa.com\/de\/agile-starter-box-english-version-2\/\"]}]},{\"@type\":\"ImageObject\",\"inLanguage\":\"de\",\"@id\":\"https:\/\/ulassa.com\/de\/agile-starter-box-english-version-2\/#primaryimage\",\"url\":\"https:\/\/ulassa.com\/wp-content\/uploads\/2022\/12\/3337_Product-3.jpg\",\"contentUrl\":\"https:\/\/ulassa.com\/wp-content\/uploads\/2022\/12\/3337_Product-3.jpg\",\"width\":1600,\"height\":1200},{\"@type\":\"BreadcrumbList\",\"@id\":\"https:\/\/ulassa.com\/de\/agile-starter-box-english-version-2\/#breadcrumb\",\"itemListElement\":[{\"@type\":\"ListItem\",\"position\":1,\"name\":\"Tools\",\"item\":\"https:\/\/ulassa.com\/de\/werkzeuge\/\"},{\"@type\":\"ListItem\",\"position\":2,\"name\":\"Agile Starter Box ENGLISH Version\"}]},{\"@type\":\"WebSite\",\"@id\":\"https:\/\/ulassa.com\/de\/#website\",\"url\":\"https:\/\/ulassa.com\/de\/\",\"name\":\"Ulassa\",\"description\":\"\",\"publisher\":{\"@id\":\"https:\/\/ulassa.com\/de\/#organization\"},\"potentialAction\":[{\"@type\":\"SearchAction\",\"target\":{\"@type\":\"EntryPoint\",\"urlTemplate\":\"https:\/\/ulassa.com\/de\/?s={search_term_string}\"},\"query-input\":{\"@type\":\"PropertyValueSpecification\",\"valueRequired\":true,\"valueName\":\"search_term_string\"}}],\"inLanguage\":\"de\"},{\"@type\":\"Organization\",\"@id\":\"https:\/\/ulassa.com\/de\/#organization\",\"name\":\"Ulassa\",\"url\":\"https:\/\/ulassa.com\/de\/\",\"logo\":{\"@type\":\"ImageObject\",\"inLanguage\":\"de\",\"@id\":\"https:\/\/ulassa.com\/de\/#\/schema\/logo\/image\/\",\"url\":\"https:\/\/ulassa.com\/wp-content\/uploads\/2022\/02\/ulassa-logo-1.svg\",\"contentUrl\":\"https:\/\/ulassa.com\/wp-content\/uploads\/2022\/02\/ulassa-logo-1.svg\",\"caption\":\"Ulassa\"},\"image\":{\"@id\":\"https:\/\/ulassa.com\/de\/#\/schema\/logo\/image\/\"},\"sameAs\":[\"https:\/\/www.facebook.com\/ulassacom\",\"https:\/\/www.instagram.com\/ulassacom\/\",\"https:\/\/www.linkedin.com\/company\/ulassa\/\",\"https:\/\/www.youtube.com\/@svenkoble\"]}]}<\/script>\n<!-- \/ Yoast SEO plugin. -->","yoast_head_json":{"title":"Agile Starter Box ENGLISH Version - Ulassa","description":"Ulassa - Buy our Ulassa Scrum products to support your project management - \u2713 See for yourself!","robots":{"index":"index","follow":"follow","max-snippet":"max-snippet:-1","max-image-preview":"max-image-preview:large","max-video-preview":"max-video-preview:-1"},"canonical":"https:\/\/ulassa.com\/de\/agile-starter-box-english-version-2\/","og_locale":"de_DE","og_type":"article","og_title":"Agile Starter Box ENGLISH Version - Ulassa","og_description":"Ulassa - Buy our Ulassa Scrum products to support your project management - \u2713 See for yourself!","og_url":"https:\/\/ulassa.com\/de\/agile-starter-box-english-version-2\/","og_site_name":"Ulassa","article_publisher":"https:\/\/www.facebook.com\/ulassacom","article_modified_time":"2023-01-11T11:53:14+00:00","og_image":[{"width":1600,"height":1200,"url":"https:\/\/ulassa.com\/wp-content\/uploads\/2022\/12\/3337_Product-3.jpg","type":"image\/jpeg"}],"twitter_card":"summary_large_image","schema":{"@context":"https:\/\/schema.org","@graph":[{"@type":"WebPage","@id":"https:\/\/ulassa.com\/de\/agile-starter-box-english-version-2\/","url":"https:\/\/ulassa.com\/de\/agile-starter-box-english-version-2\/","name":"Agile Starter Box ENGLISH Version - Ulassa","isPartOf":{"@id":"https:\/\/ulassa.com\/de\/#website"},"primaryImageOfPage":{"@id":"https:\/\/ulassa.com\/de\/agile-starter-box-english-version-2\/#primaryimage"},"image":{"@id":"https:\/\/ulassa.com\/de\/agile-starter-box-english-version-2\/#primaryimage"},"thumbnailUrl":"https:\/\/ulassa.com\/wp-content\/uploads\/2022\/12\/3337_Product-3.jpg","datePublished":"2020-10-07T07:30:28+00:00","dateModified":"2023-01-11T11:53:14+00:00","description":"Ulassa - Buy our Ulassa Scrum products to support your project management - \u2713 See for yourself!","breadcrumb":{"@id":"https:\/\/ulassa.com\/de\/agile-starter-box-english-version-2\/#breadcrumb"},"inLanguage":"de","potentialAction":[{"@type":"ReadAction","target":["https:\/\/ulassa.com\/de\/agile-starter-box-english-version-2\/"]}]},{"@type":"ImageObject","inLanguage":"de","@id":"https:\/\/ulassa.com\/de\/agile-starter-box-english-version-2\/#primaryimage","url":"https:\/\/ulassa.com\/wp-content\/uploads\/2022\/12\/3337_Product-3.jpg","contentUrl":"https:\/\/ulassa.com\/wp-content\/uploads\/2022\/12\/3337_Product-3.jpg","width":1600,"height":1200},{"@type":"BreadcrumbList","@id":"https:\/\/ulassa.com\/de\/agile-starter-box-english-version-2\/#breadcrumb","itemListElement":[{"@type":"ListItem","position":1,"name":"Tools","item":"https:\/\/ulassa.com\/de\/werkzeuge\/"},{"@type":"ListItem","position":2,"name":"Agile Starter Box ENGLISH Version"}]},{"@type":"WebSite","@id":"https:\/\/ulassa.com\/de\/#website","url":"https:\/\/ulassa.com\/de\/","name":"Ulassa","description":"","publisher":{"@id":"https:\/\/ulassa.com\/de\/#organization"},"potentialAction":[{"@type":"SearchAction","target":{"@type":"EntryPoint","urlTemplate":"https:\/\/ulassa.com\/de\/?s={search_term_string}"},"query-input":{"@type":"PropertyValueSpecification","valueRequired":true,"valueName":"search_term_string"}}],"inLanguage":"de"},{"@type":"Organization","@id":"https:\/\/ulassa.com\/de\/#organization","name":"Ulassa","url":"https:\/\/ulassa.com\/de\/","logo":{"@type":"ImageObject","inLanguage":"de","@id":"https:\/\/ulassa.com\/de\/#\/schema\/logo\/image\/","url":"https:\/\/ulassa.com\/wp-content\/uploads\/2022\/02\/ulassa-logo-1.svg","contentUrl":"https:\/\/ulassa.com\/wp-content\/uploads\/2022\/02\/ulassa-logo-1.svg","caption":"Ulassa"},"image":{"@id":"https:\/\/ulassa.com\/de\/#\/schema\/logo\/image\/"},"sameAs":["https:\/\/www.facebook.com\/ulassacom","https:\/\/www.instagram.com\/ulassacom\/","https:\/\/www.linkedin.com\/company\/ulassa\/","https:\/\/www.youtube.com\/@svenkoble"]}]}},"_links":{"self":[{"href":"https:\/\/ulassa.com\/de\/wp-json\/wp\/v2\/product\/7864","targetHints":{"allow":["GET"]}}],"collection":[{"href":"https:\/\/ulassa.com\/de\/wp-json\/wp\/v2\/product"}],"about":[{"href":"https:\/\/ulassa.com\/de\/wp-json\/wp\/v2\/types\/product"}],"version-history":[{"count":0,"href":"https:\/\/ulassa.com\/de\/wp-json\/wp\/v2\/product\/7864\/revisions"}],"wp:featuredmedia":[{"embeddable":true,"href":"https:\/\/ulassa.com\/de\/wp-json\/wp\/v2\/media\/10046"}],"wp:attachment":[{"href":"https:\/\/ulassa.com\/de\/wp-json\/wp\/v2\/media?parent=7864"}],"wp:term":[{"taxonomy":"product_brand","embeddable":true,"href":"https:\/\/ulassa.com\/de\/wp-json\/wp\/v2\/product_brand?post=7864"},{"taxonomy":"product_cat","embeddable":true,"href":"https:\/\/ulassa.com\/de\/wp-json\/wp\/v2\/product_cat?post=7864"},{"taxonomy":"product_tag","embeddable":true,"href":"https:\/\/ulassa.com\/de\/wp-json\/wp\/v2\/product_tag?post=7864"}],"curies":[{"name":"wp","href":"https:\/\/api.w.org\/{rel}","templated":true}]}}