{"id":12222,"date":"2023-02-02T11:59:53","date_gmt":"2023-02-02T10:59:53","guid":{"rendered":"https:\/\/ulassa.com\/?post_type=product&#038;p=12222"},"modified":"2025-03-13T14:17:09","modified_gmt":"2025-03-13T13:17:09","slug":"ulassa-scrum-wissenskarten-de","status":"publish","type":"product","link":"https:\/\/ulassa.com\/de\/ulassa-scrum-wissenskarten-en-kopie\/","title":{"rendered":"Ulassa Scrum Wissenskarten DE"},"content":{"rendered":"","protected":false},"excerpt":{"rendered":"<ul>\n<li>30 Scrum Knowhow Karten auf Deutsch<\/li>\n<li>Kompakt die Basics zum Thema Scrum erkl\u00e4rt<\/li>\n<li>Beschreibung der Rollen (Product Owner, Scrum Master, Entwicklungsteam, Stakeholder)<\/li>\n<li>\u00dcbersicht \u00fcber alle Scrum Meetings (Refinement, Planning I + II, Daily Scrum, Review, Retrospective) und Agiles Sch\u00e4tzen mit Planning Poker Karten einfach erkl\u00e4rt<\/li>\n<li>QR-Codes + Links zu vielen n\u00fctzlichen Internetseiten zum Thema Scrum<\/li>\n<\/ul>\n","protected":false},"featured_media":12228,"template":"","meta":{"_acf_changed":false},"product_brand":[],"product_cat":[202,237],"product_tag":[],"class_list":{"0":"post-12222","1":"product","2":"type-product","3":"status-publish","4":"has-post-thumbnail","6":"product_cat-digitale-produkte","7":"product_cat-pdf-de","8":"product_shipping_class-digitale-produkte-de","9":"member-discount","10":"discount-restricted","12":"first","13":"outofstock","14":"downloadable","15":"virtual","16":"sold-individually","17":"purchasable","18":"product-type-simple"},"acf":[],"yoast_head":"<!-- This site is optimized with the Yoast SEO plugin v27.0 - https:\/\/yoast.com\/product\/yoast-seo-wordpress\/ -->\n<title>Ulassa Scrum Wissenskarten DE - Ulassa<\/title>\n<meta name=\"description\" content=\"Ulassa - Buy our Ulassa Scrum products to support your project management - \u2713 See for yourself!\" \/>\n<meta name=\"robots\" content=\"index, follow, max-snippet:-1, max-image-preview:large, max-video-preview:-1\" \/>\n<link rel=\"canonical\" href=\"https:\/\/ulassa.com\/de\/ulassa-scrum-wissenskarten-en-kopie\/\" \/>\n<meta property=\"og:locale\" content=\"de_DE\" \/>\n<meta property=\"og:type\" content=\"article\" \/>\n<meta property=\"og:title\" content=\"Ulassa Scrum Wissenskarten DE - Ulassa\" \/>\n<meta property=\"og:description\" content=\"Ulassa - Buy our Ulassa Scrum products to support your project management - \u2713 See for yourself!\" \/>\n<meta property=\"og:url\" content=\"https:\/\/ulassa.com\/de\/ulassa-scrum-wissenskarten-en-kopie\/\" \/>\n<meta property=\"og:site_name\" content=\"Ulassa\" \/>\n<meta property=\"article:publisher\" content=\"https:\/\/www.facebook.com\/ulassacom\" \/>\n<meta property=\"article:modified_time\" content=\"2025-03-13T13:17:09+00:00\" \/>\n<meta property=\"og:image\" content=\"https:\/\/ulassa.com\/wp-content\/uploads\/2023\/02\/Ulassa-Wissenskarten-05.jpg\" \/>\n\t<meta property=\"og:image:width\" content=\"1200\" \/>\n\t<meta property=\"og:image:height\" content=\"900\" \/>\n\t<meta property=\"og:image:type\" content=\"image\/jpeg\" \/>\n<meta name=\"twitter:card\" content=\"summary_large_image\" \/>\n<meta name=\"twitter:label1\" content=\"Gesch\u00e4tzte Lesezeit\" \/>\n\t<meta name=\"twitter:data1\" content=\"1\u00a0Minute\" \/>\n<script type=\"application\/ld+json\" class=\"yoast-schema-graph\">{\"@context\":\"https:\/\/schema.org\",\"@graph\":[{\"@type\":\"WebPage\",\"@id\":\"https:\/\/ulassa.com\/de\/ulassa-scrum-wissenskarten-en-kopie\/\",\"url\":\"https:\/\/ulassa.com\/de\/ulassa-scrum-wissenskarten-en-kopie\/\",\"name\":\"Ulassa Scrum Wissenskarten DE - Ulassa\",\"isPartOf\":{\"@id\":\"https:\/\/ulassa.com\/de\/#website\"},\"primaryImageOfPage\":{\"@id\":\"https:\/\/ulassa.com\/de\/ulassa-scrum-wissenskarten-en-kopie\/#primaryimage\"},\"image\":{\"@id\":\"https:\/\/ulassa.com\/de\/ulassa-scrum-wissenskarten-en-kopie\/#primaryimage\"},\"thumbnailUrl\":\"https:\/\/ulassa.com\/wp-content\/uploads\/2023\/02\/Ulassa-Wissenskarten-05.jpg\",\"datePublished\":\"2023-02-02T10:59:53+00:00\",\"dateModified\":\"2025-03-13T13:17:09+00:00\",\"description\":\"Ulassa - Buy our Ulassa Scrum products to support your project management - \u2713 See for yourself!\",\"breadcrumb\":{\"@id\":\"https:\/\/ulassa.com\/de\/ulassa-scrum-wissenskarten-en-kopie\/#breadcrumb\"},\"inLanguage\":\"de\",\"potentialAction\":[{\"@type\":\"ReadAction\",\"target\":[\"https:\/\/ulassa.com\/de\/ulassa-scrum-wissenskarten-en-kopie\/\"]}]},{\"@type\":\"ImageObject\",\"inLanguage\":\"de\",\"@id\":\"https:\/\/ulassa.com\/de\/ulassa-scrum-wissenskarten-en-kopie\/#primaryimage\",\"url\":\"https:\/\/ulassa.com\/wp-content\/uploads\/2023\/02\/Ulassa-Wissenskarten-05.jpg\",\"contentUrl\":\"https:\/\/ulassa.com\/wp-content\/uploads\/2023\/02\/Ulassa-Wissenskarten-05.jpg\",\"width\":1200,\"height\":900},{\"@type\":\"BreadcrumbList\",\"@id\":\"https:\/\/ulassa.com\/de\/ulassa-scrum-wissenskarten-en-kopie\/#breadcrumb\",\"itemListElement\":[{\"@type\":\"ListItem\",\"position\":1,\"name\":\"Tools\",\"item\":\"https:\/\/ulassa.com\/de\/werkzeuge\/\"},{\"@type\":\"ListItem\",\"position\":2,\"name\":\"Ulassa Scrum Wissenskarten DE\"}]},{\"@type\":\"WebSite\",\"@id\":\"https:\/\/ulassa.com\/de\/#website\",\"url\":\"https:\/\/ulassa.com\/de\/\",\"name\":\"Ulassa\",\"description\":\"\",\"publisher\":{\"@id\":\"https:\/\/ulassa.com\/de\/#organization\"},\"potentialAction\":[{\"@type\":\"SearchAction\",\"target\":{\"@type\":\"EntryPoint\",\"urlTemplate\":\"https:\/\/ulassa.com\/de\/?s={search_term_string}\"},\"query-input\":{\"@type\":\"PropertyValueSpecification\",\"valueRequired\":true,\"valueName\":\"search_term_string\"}}],\"inLanguage\":\"de\"},{\"@type\":\"Organization\",\"@id\":\"https:\/\/ulassa.com\/de\/#organization\",\"name\":\"Ulassa\",\"url\":\"https:\/\/ulassa.com\/de\/\",\"logo\":{\"@type\":\"ImageObject\",\"inLanguage\":\"de\",\"@id\":\"https:\/\/ulassa.com\/de\/#\/schema\/logo\/image\/\",\"url\":\"https:\/\/ulassa.com\/wp-content\/uploads\/2022\/02\/ulassa-logo-1.svg\",\"contentUrl\":\"https:\/\/ulassa.com\/wp-content\/uploads\/2022\/02\/ulassa-logo-1.svg\",\"caption\":\"Ulassa\"},\"image\":{\"@id\":\"https:\/\/ulassa.com\/de\/#\/schema\/logo\/image\/\"},\"sameAs\":[\"https:\/\/www.facebook.com\/ulassacom\",\"https:\/\/www.instagram.com\/ulassacom\/\",\"https:\/\/www.linkedin.com\/company\/ulassa\/\",\"https:\/\/www.youtube.com\/@svenkoble\"]}]}<\/script>\n<!-- \/ Yoast SEO plugin. -->","yoast_head_json":{"title":"Ulassa Scrum Wissenskarten DE - Ulassa","description":"Ulassa - Buy our Ulassa Scrum products to support your project management - \u2713 See for yourself!","robots":{"index":"index","follow":"follow","max-snippet":"max-snippet:-1","max-image-preview":"max-image-preview:large","max-video-preview":"max-video-preview:-1"},"canonical":"https:\/\/ulassa.com\/de\/ulassa-scrum-wissenskarten-en-kopie\/","og_locale":"de_DE","og_type":"article","og_title":"Ulassa Scrum Wissenskarten DE - Ulassa","og_description":"Ulassa - Buy our Ulassa Scrum products to support your project management - \u2713 See for yourself!","og_url":"https:\/\/ulassa.com\/de\/ulassa-scrum-wissenskarten-en-kopie\/","og_site_name":"Ulassa","article_publisher":"https:\/\/www.facebook.com\/ulassacom","article_modified_time":"2025-03-13T13:17:09+00:00","og_image":[{"width":1200,"height":900,"url":"https:\/\/ulassa.com\/wp-content\/uploads\/2023\/02\/Ulassa-Wissenskarten-05.jpg","type":"image\/jpeg"}],"twitter_card":"summary_large_image","twitter_misc":{"Gesch\u00e4tzte Lesezeit":"1\u00a0Minute"},"schema":{"@context":"https:\/\/schema.org","@graph":[{"@type":"WebPage","@id":"https:\/\/ulassa.com\/de\/ulassa-scrum-wissenskarten-en-kopie\/","url":"https:\/\/ulassa.com\/de\/ulassa-scrum-wissenskarten-en-kopie\/","name":"Ulassa Scrum Wissenskarten DE - Ulassa","isPartOf":{"@id":"https:\/\/ulassa.com\/de\/#website"},"primaryImageOfPage":{"@id":"https:\/\/ulassa.com\/de\/ulassa-scrum-wissenskarten-en-kopie\/#primaryimage"},"image":{"@id":"https:\/\/ulassa.com\/de\/ulassa-scrum-wissenskarten-en-kopie\/#primaryimage"},"thumbnailUrl":"https:\/\/ulassa.com\/wp-content\/uploads\/2023\/02\/Ulassa-Wissenskarten-05.jpg","datePublished":"2023-02-02T10:59:53+00:00","dateModified":"2025-03-13T13:17:09+00:00","description":"Ulassa - Buy our Ulassa Scrum products to support your project management - \u2713 See for yourself!","breadcrumb":{"@id":"https:\/\/ulassa.com\/de\/ulassa-scrum-wissenskarten-en-kopie\/#breadcrumb"},"inLanguage":"de","potentialAction":[{"@type":"ReadAction","target":["https:\/\/ulassa.com\/de\/ulassa-scrum-wissenskarten-en-kopie\/"]}]},{"@type":"ImageObject","inLanguage":"de","@id":"https:\/\/ulassa.com\/de\/ulassa-scrum-wissenskarten-en-kopie\/#primaryimage","url":"https:\/\/ulassa.com\/wp-content\/uploads\/2023\/02\/Ulassa-Wissenskarten-05.jpg","contentUrl":"https:\/\/ulassa.com\/wp-content\/uploads\/2023\/02\/Ulassa-Wissenskarten-05.jpg","width":1200,"height":900},{"@type":"BreadcrumbList","@id":"https:\/\/ulassa.com\/de\/ulassa-scrum-wissenskarten-en-kopie\/#breadcrumb","itemListElement":[{"@type":"ListItem","position":1,"name":"Tools","item":"https:\/\/ulassa.com\/de\/werkzeuge\/"},{"@type":"ListItem","position":2,"name":"Ulassa Scrum Wissenskarten DE"}]},{"@type":"WebSite","@id":"https:\/\/ulassa.com\/de\/#website","url":"https:\/\/ulassa.com\/de\/","name":"Ulassa","description":"","publisher":{"@id":"https:\/\/ulassa.com\/de\/#organization"},"potentialAction":[{"@type":"SearchAction","target":{"@type":"EntryPoint","urlTemplate":"https:\/\/ulassa.com\/de\/?s={search_term_string}"},"query-input":{"@type":"PropertyValueSpecification","valueRequired":true,"valueName":"search_term_string"}}],"inLanguage":"de"},{"@type":"Organization","@id":"https:\/\/ulassa.com\/de\/#organization","name":"Ulassa","url":"https:\/\/ulassa.com\/de\/","logo":{"@type":"ImageObject","inLanguage":"de","@id":"https:\/\/ulassa.com\/de\/#\/schema\/logo\/image\/","url":"https:\/\/ulassa.com\/wp-content\/uploads\/2022\/02\/ulassa-logo-1.svg","contentUrl":"https:\/\/ulassa.com\/wp-content\/uploads\/2022\/02\/ulassa-logo-1.svg","caption":"Ulassa"},"image":{"@id":"https:\/\/ulassa.com\/de\/#\/schema\/logo\/image\/"},"sameAs":["https:\/\/www.facebook.com\/ulassacom","https:\/\/www.instagram.com\/ulassacom\/","https:\/\/www.linkedin.com\/company\/ulassa\/","https:\/\/www.youtube.com\/@svenkoble"]}]}},"_links":{"self":[{"href":"https:\/\/ulassa.com\/de\/wp-json\/wp\/v2\/product\/12222","targetHints":{"allow":["GET"]}}],"collection":[{"href":"https:\/\/ulassa.com\/de\/wp-json\/wp\/v2\/product"}],"about":[{"href":"https:\/\/ulassa.com\/de\/wp-json\/wp\/v2\/types\/product"}],"version-history":[{"count":1,"href":"https:\/\/ulassa.com\/de\/wp-json\/wp\/v2\/product\/12222\/revisions"}],"predecessor-version":[{"id":17912,"href":"https:\/\/ulassa.com\/de\/wp-json\/wp\/v2\/product\/12222\/revisions\/17912"}],"wp:featuredmedia":[{"embeddable":true,"href":"https:\/\/ulassa.com\/de\/wp-json\/wp\/v2\/media\/12228"}],"wp:attachment":[{"href":"https:\/\/ulassa.com\/de\/wp-json\/wp\/v2\/media?parent=12222"}],"wp:term":[{"taxonomy":"product_brand","embeddable":true,"href":"https:\/\/ulassa.com\/de\/wp-json\/wp\/v2\/product_brand?post=12222"},{"taxonomy":"product_cat","embeddable":true,"href":"https:\/\/ulassa.com\/de\/wp-json\/wp\/v2\/product_cat?post=12222"},{"taxonomy":"product_tag","embeddable":true,"href":"https:\/\/ulassa.com\/de\/wp-json\/wp\/v2\/product_tag?post=12222"}],"curies":[{"name":"wp","href":"https:\/\/api.w.org\/{rel}","templated":true}]}}