{"id":18097,"date":"2024-11-12T13:30:46","date_gmt":"2024-11-12T12:30:46","guid":{"rendered":"https:\/\/ulassa.com\/?page_id=18097"},"modified":"2025-07-24T11:57:44","modified_gmt":"2025-07-24T09:57:44","slug":"produktsicherheitsverodnung","status":"publish","type":"page","link":"https:\/\/ulassa.com\/de\/produktsicherheitsverodnung\/","title":{"rendered":"Produktsicherheitsverodnung"},"content":{"rendered":"\t\t<div data-elementor-type=\"wp-page\" data-elementor-id=\"18097\" class=\"elementor elementor-18097 elementor-17420\" data-elementor-post-type=\"page\">\n\t\t\t\t\t\t<section class=\"has_ae_slider elementor-section elementor-top-section elementor-element elementor-element-7711a63e elementor-section-boxed elementor-section-height-default elementor-section-height-default ae-bg-gallery-type-default\" data-id=\"7711a63e\" data-element_type=\"section\" data-e-type=\"section\">\n\t\t\t\t\t\t<div class=\"elementor-container elementor-column-gap-default\">\n\t\t\t\t\t<div class=\"has_ae_slider elementor-column elementor-col-100 elementor-top-column elementor-element elementor-element-1a30f7f ae-bg-gallery-type-default\" data-id=\"1a30f7f\" data-element_type=\"column\" data-e-type=\"column\">\n\t\t\t<div class=\"elementor-widget-wrap elementor-element-populated\">\n\t\t\t\t\t\t<div class=\"elementor-element elementor-element-7b52c96b elementor-widget elementor-widget-text-editor\" data-id=\"7b52c96b\" data-element_type=\"widget\" data-e-type=\"widget\" data-widget_type=\"text-editor.default\">\n\t\t\t\t<div class=\"elementor-widget-container\">\n\t\t\t\t\t\t\t\t\t<p><strong>Sicherheitsinformationen und Warnhinweise<\/strong><\/p><span><\/span>\n<p>Alle Ulassa-Produkte sind professionelle Management- und\n Workflow-Tools, die f\u00fcr den Einsatz im Team oder in \nBildungseinrichtungen entwickelt wurden. Sie sind keine Spielzeuge und \nnicht f\u00fcr Kinder bestimmt.<\/p>\n<ul><li>\n<p>F\u00fcr Erwachsene in Arbeits- oder Trainingsumgebungen vorgesehen.<\/p>\n<\/li><li>\n<p>F\u00fcr Kinder nicht geeignet; au\u00dferhalb der Reichweite von \nKindern aufbewahren, um versehentliches Verschlucken oder Ersticken zu \nvermeiden.<\/p>\n<\/li><li>\n<p>Von offenen Flammen und Hitze fernhalten; Papier ist brennbar.<\/p>\n<\/li><li>\n<p>Trocken lagern; bei auftretenden Hautreizungen die Nutzung einstellen.<\/p>\n<\/li><li>\n<p>Entspricht der EU-Verordnung \u00fcber die allgemeine Produktsicherheit (EU) 2023\/988.<\/p>\n<\/li><\/ul>\n<p>Bei Fragen oder f\u00fcr Sicherheitsdokumentationen kontaktieren Sie uns bitte.<\/p><h1><br><\/h1>\n<p>Produkthersteller:<\/p>\n<p>Ulassa Ltd<br>Ellados Avenue 500,<br>Intronos Innovation Hub, B\u00fcro 6,<br>7730 Agios Thedoros<br>Zypern<\/p>\n<p>EU-MEHRWERTSTEUER-ID: CY10434942P<\/p>\n<p>Gesch\u00e4ftsf\u00fchrerin: Sarah Lorenz<br><a href=\"mailto:sarah@ulassa.com\">sarah@ulassa.com<\/a><\/p><p>Beschwerdestelle des Unternehmens:<br><a href=\"mailto:feedback@ulassa.com\">feedback@ulassa.com<\/a><\/p>\t\t\t\t\t\t\t\t<\/div>\n\t\t\t\t<\/div>\n\t\t\t\t\t<\/div>\n\t\t<\/div>\n\t\t\t\t\t<\/div>\n\t\t<\/section>\n\t\t\t\t<\/div>\n\t\t","protected":false},"excerpt":{"rendered":"<p>Sicherheitsinformationen und Warnhinweise Alle Ulassa-Produkte sind professionelle Management- und Workflow-Tools, die f\u00fcr den Einsatz im Team oder in Bildungseinrichtungen entwickelt wurden. Sie sind keine Spielzeuge und nicht f\u00fcr Kinder bestimmt. F\u00fcr Erwachsene in Arbeits- oder Trainingsumgebungen vorgesehen. F\u00fcr Kinder nicht geeignet; au\u00dferhalb der Reichweite von Kindern aufbewahren, um versehentliches Verschlucken oder Ersticken zu vermeiden. Von [&hellip;]<\/p>\n","protected":false},"author":1,"featured_media":0,"parent":0,"menu_order":0,"comment_status":"closed","ping_status":"closed","template":"","meta":{"_acf_changed":false,"footnotes":""},"class_list":["post-18097","page","type-page","status-publish","hentry"],"acf":[],"yoast_head":"<!-- This site is optimized with the Yoast SEO plugin v27.0 - https:\/\/yoast.com\/product\/yoast-seo-wordpress\/ -->\n<title>Produktsicherheitsverodnung - Ulassa<\/title>\n<meta name=\"robots\" content=\"index, follow, max-snippet:-1, max-image-preview:large, max-video-preview:-1\" \/>\n<link rel=\"canonical\" href=\"https:\/\/ulassa.com\/de\/produktsicherheitsverodnung\/\" \/>\n<meta property=\"og:locale\" content=\"de_DE\" \/>\n<meta property=\"og:type\" content=\"article\" \/>\n<meta property=\"og:title\" content=\"Produktsicherheitsverodnung - Ulassa\" \/>\n<meta property=\"og:description\" content=\"Sicherheitsinformationen und Warnhinweise Alle Ulassa-Produkte sind professionelle Management- und Workflow-Tools, die f\u00fcr den Einsatz im Team oder in Bildungseinrichtungen entwickelt wurden. Sie sind keine Spielzeuge und nicht f\u00fcr Kinder bestimmt. F\u00fcr Erwachsene in Arbeits- oder Trainingsumgebungen vorgesehen. F\u00fcr Kinder nicht geeignet; au\u00dferhalb der Reichweite von Kindern aufbewahren, um versehentliches Verschlucken oder Ersticken zu vermeiden. Von [&hellip;]\" \/>\n<meta property=\"og:url\" content=\"https:\/\/ulassa.com\/de\/produktsicherheitsverodnung\/\" \/>\n<meta property=\"og:site_name\" content=\"Ulassa\" \/>\n<meta property=\"article:publisher\" content=\"https:\/\/www.facebook.com\/ulassacom\" \/>\n<meta property=\"article:modified_time\" content=\"2025-07-24T09:57:44+00:00\" \/>\n<meta property=\"og:image\" content=\"https:\/\/ulassa.com\/wp-content\/uploads\/2022\/08\/ulassa-home-slider.jpg\" \/>\n\t<meta property=\"og:image:width\" content=\"1920\" \/>\n\t<meta property=\"og:image:height\" content=\"1040\" \/>\n\t<meta property=\"og:image:type\" content=\"image\/jpeg\" \/>\n<meta name=\"twitter:card\" content=\"summary_large_image\" \/>\n<meta name=\"twitter:label1\" content=\"Gesch\u00e4tzte Lesezeit\" \/>\n\t<meta name=\"twitter:data1\" content=\"1\u00a0Minute\" \/>\n<script type=\"application\/ld+json\" class=\"yoast-schema-graph\">{\"@context\":\"https:\/\/schema.org\",\"@graph\":[{\"@type\":\"WebPage\",\"@id\":\"https:\/\/ulassa.com\/de\/produktsicherheitsverodnung\/\",\"url\":\"https:\/\/ulassa.com\/de\/produktsicherheitsverodnung\/\",\"name\":\"Produktsicherheitsverodnung - Ulassa\",\"isPartOf\":{\"@id\":\"https:\/\/ulassa.com\/de\/#website\"},\"datePublished\":\"2024-11-12T12:30:46+00:00\",\"dateModified\":\"2025-07-24T09:57:44+00:00\",\"inLanguage\":\"de\",\"potentialAction\":[{\"@type\":\"ReadAction\",\"target\":[\"https:\/\/ulassa.com\/de\/produktsicherheitsverodnung\/\"]}]},{\"@type\":\"WebSite\",\"@id\":\"https:\/\/ulassa.com\/de\/#website\",\"url\":\"https:\/\/ulassa.com\/de\/\",\"name\":\"Ulassa\",\"description\":\"\",\"publisher\":{\"@id\":\"https:\/\/ulassa.com\/de\/#organization\"},\"potentialAction\":[{\"@type\":\"SearchAction\",\"target\":{\"@type\":\"EntryPoint\",\"urlTemplate\":\"https:\/\/ulassa.com\/de\/?s={search_term_string}\"},\"query-input\":{\"@type\":\"PropertyValueSpecification\",\"valueRequired\":true,\"valueName\":\"search_term_string\"}}],\"inLanguage\":\"de\"},{\"@type\":\"Organization\",\"@id\":\"https:\/\/ulassa.com\/de\/#organization\",\"name\":\"Ulassa\",\"url\":\"https:\/\/ulassa.com\/de\/\",\"logo\":{\"@type\":\"ImageObject\",\"inLanguage\":\"de\",\"@id\":\"https:\/\/ulassa.com\/de\/#\/schema\/logo\/image\/\",\"url\":\"https:\/\/ulassa.com\/wp-content\/uploads\/2022\/02\/ulassa-logo-1.svg\",\"contentUrl\":\"https:\/\/ulassa.com\/wp-content\/uploads\/2022\/02\/ulassa-logo-1.svg\",\"caption\":\"Ulassa\"},\"image\":{\"@id\":\"https:\/\/ulassa.com\/de\/#\/schema\/logo\/image\/\"},\"sameAs\":[\"https:\/\/www.facebook.com\/ulassacom\",\"https:\/\/www.instagram.com\/ulassacom\/\",\"https:\/\/www.linkedin.com\/company\/ulassa\/\",\"https:\/\/www.youtube.com\/@svenkoble\"]}]}<\/script>\n<!-- \/ Yoast SEO plugin. -->","yoast_head_json":{"title":"Produktsicherheitsverodnung - Ulassa","robots":{"index":"index","follow":"follow","max-snippet":"max-snippet:-1","max-image-preview":"max-image-preview:large","max-video-preview":"max-video-preview:-1"},"canonical":"https:\/\/ulassa.com\/de\/produktsicherheitsverodnung\/","og_locale":"de_DE","og_type":"article","og_title":"Produktsicherheitsverodnung - Ulassa","og_description":"Sicherheitsinformationen und Warnhinweise Alle Ulassa-Produkte sind professionelle Management- und Workflow-Tools, die f\u00fcr den Einsatz im Team oder in Bildungseinrichtungen entwickelt wurden. Sie sind keine Spielzeuge und nicht f\u00fcr Kinder bestimmt. F\u00fcr Erwachsene in Arbeits- oder Trainingsumgebungen vorgesehen. F\u00fcr Kinder nicht geeignet; au\u00dferhalb der Reichweite von Kindern aufbewahren, um versehentliches Verschlucken oder Ersticken zu vermeiden. Von [&hellip;]","og_url":"https:\/\/ulassa.com\/de\/produktsicherheitsverodnung\/","og_site_name":"Ulassa","article_publisher":"https:\/\/www.facebook.com\/ulassacom","article_modified_time":"2025-07-24T09:57:44+00:00","og_image":[{"width":1920,"height":1040,"url":"https:\/\/ulassa.com\/wp-content\/uploads\/2022\/08\/ulassa-home-slider.jpg","type":"image\/jpeg"}],"twitter_card":"summary_large_image","twitter_misc":{"Gesch\u00e4tzte Lesezeit":"1\u00a0Minute"},"schema":{"@context":"https:\/\/schema.org","@graph":[{"@type":"WebPage","@id":"https:\/\/ulassa.com\/de\/produktsicherheitsverodnung\/","url":"https:\/\/ulassa.com\/de\/produktsicherheitsverodnung\/","name":"Produktsicherheitsverodnung - Ulassa","isPartOf":{"@id":"https:\/\/ulassa.com\/de\/#website"},"datePublished":"2024-11-12T12:30:46+00:00","dateModified":"2025-07-24T09:57:44+00:00","inLanguage":"de","potentialAction":[{"@type":"ReadAction","target":["https:\/\/ulassa.com\/de\/produktsicherheitsverodnung\/"]}]},{"@type":"WebSite","@id":"https:\/\/ulassa.com\/de\/#website","url":"https:\/\/ulassa.com\/de\/","name":"Ulassa","description":"","publisher":{"@id":"https:\/\/ulassa.com\/de\/#organization"},"potentialAction":[{"@type":"SearchAction","target":{"@type":"EntryPoint","urlTemplate":"https:\/\/ulassa.com\/de\/?s={search_term_string}"},"query-input":{"@type":"PropertyValueSpecification","valueRequired":true,"valueName":"search_term_string"}}],"inLanguage":"de"},{"@type":"Organization","@id":"https:\/\/ulassa.com\/de\/#organization","name":"Ulassa","url":"https:\/\/ulassa.com\/de\/","logo":{"@type":"ImageObject","inLanguage":"de","@id":"https:\/\/ulassa.com\/de\/#\/schema\/logo\/image\/","url":"https:\/\/ulassa.com\/wp-content\/uploads\/2022\/02\/ulassa-logo-1.svg","contentUrl":"https:\/\/ulassa.com\/wp-content\/uploads\/2022\/02\/ulassa-logo-1.svg","caption":"Ulassa"},"image":{"@id":"https:\/\/ulassa.com\/de\/#\/schema\/logo\/image\/"},"sameAs":["https:\/\/www.facebook.com\/ulassacom","https:\/\/www.instagram.com\/ulassacom\/","https:\/\/www.linkedin.com\/company\/ulassa\/","https:\/\/www.youtube.com\/@svenkoble"]}]}},"_links":{"self":[{"href":"https:\/\/ulassa.com\/de\/wp-json\/wp\/v2\/pages\/18097","targetHints":{"allow":["GET"]}}],"collection":[{"href":"https:\/\/ulassa.com\/de\/wp-json\/wp\/v2\/pages"}],"about":[{"href":"https:\/\/ulassa.com\/de\/wp-json\/wp\/v2\/types\/page"}],"author":[{"embeddable":true,"href":"https:\/\/ulassa.com\/de\/wp-json\/wp\/v2\/users\/1"}],"replies":[{"embeddable":true,"href":"https:\/\/ulassa.com\/de\/wp-json\/wp\/v2\/comments?post=18097"}],"version-history":[{"count":10,"href":"https:\/\/ulassa.com\/de\/wp-json\/wp\/v2\/pages\/18097\/revisions"}],"predecessor-version":[{"id":18579,"href":"https:\/\/ulassa.com\/de\/wp-json\/wp\/v2\/pages\/18097\/revisions\/18579"}],"wp:attachment":[{"href":"https:\/\/ulassa.com\/de\/wp-json\/wp\/v2\/media?parent=18097"}],"curies":[{"name":"wp","href":"https:\/\/api.w.org\/{rel}","templated":true}]}}