{"id":17421,"date":"2024-11-12T13:30:46","date_gmt":"2024-11-12T12:30:46","guid":{"rendered":"https:\/\/ulassa.com\/?page_id=17421"},"modified":"2025-03-21T13:34:02","modified_gmt":"2025-03-21T12:34:02","slug":"impressum-2","status":"publish","type":"page","link":"https:\/\/ulassa.com\/de\/impressum-2\/","title":{"rendered":"Impressum"},"content":{"rendered":"\t\t<div data-elementor-type=\"wp-page\" data-elementor-id=\"17421\" class=\"elementor elementor-17421\" data-elementor-post-type=\"page\">\n\t\t\t\t\t\t<section class=\"has_ae_slider elementor-section elementor-top-section elementor-element elementor-element-249a325c elementor-section-boxed elementor-section-height-default elementor-section-height-default ae-bg-gallery-type-default\" data-id=\"249a325c\" data-element_type=\"section\" data-e-type=\"section\">\n\t\t\t\t\t\t<div class=\"elementor-container elementor-column-gap-default\">\n\t\t\t\t\t<div class=\"has_ae_slider elementor-column elementor-col-100 elementor-top-column elementor-element elementor-element-610bf90b ae-bg-gallery-type-default\" data-id=\"610bf90b\" data-element_type=\"column\" data-e-type=\"column\">\n\t\t\t<div class=\"elementor-widget-wrap elementor-element-populated\">\n\t\t\t\t\t\t<div class=\"elementor-element elementor-element-234674dd elementor-widget elementor-widget-text-editor\" data-id=\"234674dd\" data-element_type=\"widget\" data-e-type=\"widget\" data-widget_type=\"text-editor.default\">\n\t\t\t\t<div class=\"elementor-widget-container\">\n\t\t\t\t\t\t\t\t\t<p><\/p>\n<h1>Rechtliche Hinweise<\/h1>\n<p><\/p>\n<p><\/p>\n<p>\u00dcber uns<\/p>\n<p><\/p>\n<p><\/p>\n<p>Legale Website-Betreiberkennung:<\/p>\n<p><\/p>\n<p><\/p>\n<p>Ulassa Ltd<br>Ellados Avenue 500,<br>Intronos Innovation Hub, Office 6,<br>7730 Agios Thedoros<br>Zypern<\/p>\n<p><\/p>\n<p><\/p>\n<p>EU-MEHRWERTSTEUER-ID: CY10434942P<\/p>\n<p><\/p>\n<p><\/p>\n<p>ULASSA LTD Telefonnummer: +357 24022126<\/p>\n<p><\/p>\n<p><\/p>\n<p>Gesch\u00e4ftsf\u00fchrerin: Sarah Lorenz<\/p>\n<p><\/p>\n<p><\/p>\n<p>Beschwerdestelle des Unternehmens:<br><a href=\"mailto:feedback@ulassa.com\">feedback@ulassa.com<\/a><\/p>\n<p><\/p>\n<p><\/p>\n<p>Alternative Streitbeilegung:<br>Die Europ\u00e4ische Kommission stellt eine Plattform zur au\u00dfergerichtlichen Streitbeilegung (OS-Plattform) zur Verf\u00fcgung, die unter&nbsp;<a href=\"https:\/\/ec.europa.eu\/odr\" target=\"_blank\" rel=\"noreferrer noopener\">https:\/\/ec.europa.eu\/odr<\/a> eingesehen werden kann.<\/p>\n<p><\/p>\n<p><\/p>\n<p>Wir sind seit dem 04.09.2016 Mitglied der Initiative &#8220;FairCommerce&#8221;.<br>Weitere Informationen finden Sie unter:&nbsp;<a href=\"http:\/\/www.haendlerbund.de\/faircommerce\" target=\"_blank\" rel=\"noreferrer noopener\">www.haendlerbund.de\/faircommerce<\/a>.<\/p>\n<p><\/p>\n<p><\/p>\n<p>Webseite von <a title=\"Ihre Onlinemarketing Agentur aus Dresden\" style=\"text-decoration: none;\" href=\"https:\/\/www.mi-marketing.de\/\" target=\"_blank\" rel=\"noopener noreferrer\"><strong><span style=\"color: #852522;\">mi-<\/span><span style=\"color: #484748;\">marketing<\/span><\/strong><\/a><\/p>\n<p><\/p>\t\t\t\t\t\t\t\t<\/div>\n\t\t\t\t<\/div>\n\t\t\t\t\t<\/div>\n\t\t<\/div>\n\t\t\t\t\t<\/div>\n\t\t<\/section>\n\t\t\t\t<\/div>\n\t\t","protected":false},"excerpt":{"rendered":"<p>Rechtliche Hinweise \u00dcber uns Legale Website-Betreiberkennung: Ulassa LtdEllados Avenue 500,Intronos Innovation Hub, Office 6,7730 Agios ThedorosZypern EU-MEHRWERTSTEUER-ID: CY10434942P ULASSA LTD Telefonnummer: +357 24022126 Gesch\u00e4ftsf\u00fchrerin: Sarah Lorenz Beschwerdestelle des Unternehmens:feedback@ulassa.com Alternative Streitbeilegung:Die Europ\u00e4ische Kommission stellt eine Plattform zur au\u00dfergerichtlichen Streitbeilegung (OS-Plattform) zur Verf\u00fcgung, die unter&nbsp;https:\/\/ec.europa.eu\/odr eingesehen werden kann. Wir sind seit dem 04.09.2016 Mitglied der Initiative [&hellip;]<\/p>\n","protected":false},"author":12,"featured_media":0,"parent":0,"menu_order":0,"comment_status":"closed","ping_status":"closed","template":"","meta":{"_acf_changed":false,"footnotes":""},"class_list":["post-17421","page","type-page","status-publish","hentry"],"acf":[],"yoast_head":"<!-- This site is optimized with the Yoast SEO plugin v27.0 - https:\/\/yoast.com\/product\/yoast-seo-wordpress\/ -->\n<title>Impressum - Ulassa<\/title>\n<meta name=\"robots\" content=\"index, follow, max-snippet:-1, max-image-preview:large, max-video-preview:-1\" \/>\n<link rel=\"canonical\" href=\"https:\/\/ulassa.com\/de\/impressum-2\/\" \/>\n<meta property=\"og:locale\" content=\"de_DE\" \/>\n<meta property=\"og:type\" content=\"article\" \/>\n<meta property=\"og:title\" content=\"Impressum - Ulassa\" \/>\n<meta property=\"og:description\" content=\"Rechtliche Hinweise \u00dcber uns Legale Website-Betreiberkennung: Ulassa LtdEllados Avenue 500,Intronos Innovation Hub, Office 6,7730 Agios ThedorosZypern EU-MEHRWERTSTEUER-ID: CY10434942P ULASSA LTD Telefonnummer: +357 24022126 Gesch\u00e4ftsf\u00fchrerin: Sarah Lorenz Beschwerdestelle des Unternehmens:feedback@ulassa.com Alternative Streitbeilegung:Die Europ\u00e4ische Kommission stellt eine Plattform zur au\u00dfergerichtlichen Streitbeilegung (OS-Plattform) zur Verf\u00fcgung, die unter&nbsp;https:\/\/ec.europa.eu\/odr eingesehen werden kann. Wir sind seit dem 04.09.2016 Mitglied der Initiative [&hellip;]\" \/>\n<meta property=\"og:url\" content=\"https:\/\/ulassa.com\/de\/impressum-2\/\" \/>\n<meta property=\"og:site_name\" content=\"Ulassa\" \/>\n<meta property=\"article:publisher\" content=\"https:\/\/www.facebook.com\/ulassacom\" \/>\n<meta property=\"article:modified_time\" content=\"2025-03-21T12:34:02+00:00\" \/>\n<meta property=\"og:image\" content=\"https:\/\/ulassa.com\/wp-content\/uploads\/2022\/08\/ulassa-home-slider.jpg\" \/>\n\t<meta property=\"og:image:width\" content=\"1920\" \/>\n\t<meta property=\"og:image:height\" content=\"1040\" \/>\n\t<meta property=\"og:image:type\" content=\"image\/jpeg\" \/>\n<meta name=\"twitter:card\" content=\"summary_large_image\" \/>\n<meta name=\"twitter:label1\" content=\"Gesch\u00e4tzte Lesezeit\" \/>\n\t<meta name=\"twitter:data1\" content=\"1\u00a0Minute\" \/>\n<script type=\"application\/ld+json\" class=\"yoast-schema-graph\">{\"@context\":\"https:\/\/schema.org\",\"@graph\":[{\"@type\":\"WebPage\",\"@id\":\"https:\/\/ulassa.com\/de\/impressum-2\/\",\"url\":\"https:\/\/ulassa.com\/de\/impressum-2\/\",\"name\":\"Impressum - Ulassa\",\"isPartOf\":{\"@id\":\"https:\/\/ulassa.com\/de\/#website\"},\"datePublished\":\"2024-11-12T12:30:46+00:00\",\"dateModified\":\"2025-03-21T12:34:02+00:00\",\"inLanguage\":\"de\",\"potentialAction\":[{\"@type\":\"ReadAction\",\"target\":[\"https:\/\/ulassa.com\/de\/impressum-2\/\"]}]},{\"@type\":\"WebSite\",\"@id\":\"https:\/\/ulassa.com\/de\/#website\",\"url\":\"https:\/\/ulassa.com\/de\/\",\"name\":\"Ulassa\",\"description\":\"\",\"publisher\":{\"@id\":\"https:\/\/ulassa.com\/de\/#organization\"},\"potentialAction\":[{\"@type\":\"SearchAction\",\"target\":{\"@type\":\"EntryPoint\",\"urlTemplate\":\"https:\/\/ulassa.com\/de\/?s={search_term_string}\"},\"query-input\":{\"@type\":\"PropertyValueSpecification\",\"valueRequired\":true,\"valueName\":\"search_term_string\"}}],\"inLanguage\":\"de\"},{\"@type\":\"Organization\",\"@id\":\"https:\/\/ulassa.com\/de\/#organization\",\"name\":\"Ulassa\",\"url\":\"https:\/\/ulassa.com\/de\/\",\"logo\":{\"@type\":\"ImageObject\",\"inLanguage\":\"de\",\"@id\":\"https:\/\/ulassa.com\/de\/#\/schema\/logo\/image\/\",\"url\":\"https:\/\/ulassa.com\/wp-content\/uploads\/2022\/02\/ulassa-logo-1.svg\",\"contentUrl\":\"https:\/\/ulassa.com\/wp-content\/uploads\/2022\/02\/ulassa-logo-1.svg\",\"caption\":\"Ulassa\"},\"image\":{\"@id\":\"https:\/\/ulassa.com\/de\/#\/schema\/logo\/image\/\"},\"sameAs\":[\"https:\/\/www.facebook.com\/ulassacom\",\"https:\/\/www.instagram.com\/ulassacom\/\",\"https:\/\/www.linkedin.com\/company\/ulassa\/\",\"https:\/\/www.youtube.com\/@svenkoble\"]}]}<\/script>\n<!-- \/ Yoast SEO plugin. -->","yoast_head_json":{"title":"Impressum - Ulassa","robots":{"index":"index","follow":"follow","max-snippet":"max-snippet:-1","max-image-preview":"max-image-preview:large","max-video-preview":"max-video-preview:-1"},"canonical":"https:\/\/ulassa.com\/de\/impressum-2\/","og_locale":"de_DE","og_type":"article","og_title":"Impressum - Ulassa","og_description":"Rechtliche Hinweise \u00dcber uns Legale Website-Betreiberkennung: Ulassa LtdEllados Avenue 500,Intronos Innovation Hub, Office 6,7730 Agios ThedorosZypern EU-MEHRWERTSTEUER-ID: CY10434942P ULASSA LTD Telefonnummer: +357 24022126 Gesch\u00e4ftsf\u00fchrerin: Sarah Lorenz Beschwerdestelle des Unternehmens:feedback@ulassa.com Alternative Streitbeilegung:Die Europ\u00e4ische Kommission stellt eine Plattform zur au\u00dfergerichtlichen Streitbeilegung (OS-Plattform) zur Verf\u00fcgung, die unter&nbsp;https:\/\/ec.europa.eu\/odr eingesehen werden kann. Wir sind seit dem 04.09.2016 Mitglied der Initiative [&hellip;]","og_url":"https:\/\/ulassa.com\/de\/impressum-2\/","og_site_name":"Ulassa","article_publisher":"https:\/\/www.facebook.com\/ulassacom","article_modified_time":"2025-03-21T12:34:02+00:00","og_image":[{"width":1920,"height":1040,"url":"https:\/\/ulassa.com\/wp-content\/uploads\/2022\/08\/ulassa-home-slider.jpg","type":"image\/jpeg"}],"twitter_card":"summary_large_image","twitter_misc":{"Gesch\u00e4tzte Lesezeit":"1\u00a0Minute"},"schema":{"@context":"https:\/\/schema.org","@graph":[{"@type":"WebPage","@id":"https:\/\/ulassa.com\/de\/impressum-2\/","url":"https:\/\/ulassa.com\/de\/impressum-2\/","name":"Impressum - Ulassa","isPartOf":{"@id":"https:\/\/ulassa.com\/de\/#website"},"datePublished":"2024-11-12T12:30:46+00:00","dateModified":"2025-03-21T12:34:02+00:00","inLanguage":"de","potentialAction":[{"@type":"ReadAction","target":["https:\/\/ulassa.com\/de\/impressum-2\/"]}]},{"@type":"WebSite","@id":"https:\/\/ulassa.com\/de\/#website","url":"https:\/\/ulassa.com\/de\/","name":"Ulassa","description":"","publisher":{"@id":"https:\/\/ulassa.com\/de\/#organization"},"potentialAction":[{"@type":"SearchAction","target":{"@type":"EntryPoint","urlTemplate":"https:\/\/ulassa.com\/de\/?s={search_term_string}"},"query-input":{"@type":"PropertyValueSpecification","valueRequired":true,"valueName":"search_term_string"}}],"inLanguage":"de"},{"@type":"Organization","@id":"https:\/\/ulassa.com\/de\/#organization","name":"Ulassa","url":"https:\/\/ulassa.com\/de\/","logo":{"@type":"ImageObject","inLanguage":"de","@id":"https:\/\/ulassa.com\/de\/#\/schema\/logo\/image\/","url":"https:\/\/ulassa.com\/wp-content\/uploads\/2022\/02\/ulassa-logo-1.svg","contentUrl":"https:\/\/ulassa.com\/wp-content\/uploads\/2022\/02\/ulassa-logo-1.svg","caption":"Ulassa"},"image":{"@id":"https:\/\/ulassa.com\/de\/#\/schema\/logo\/image\/"},"sameAs":["https:\/\/www.facebook.com\/ulassacom","https:\/\/www.instagram.com\/ulassacom\/","https:\/\/www.linkedin.com\/company\/ulassa\/","https:\/\/www.youtube.com\/@svenkoble"]}]}},"_links":{"self":[{"href":"https:\/\/ulassa.com\/de\/wp-json\/wp\/v2\/pages\/17421","targetHints":{"allow":["GET"]}}],"collection":[{"href":"https:\/\/ulassa.com\/de\/wp-json\/wp\/v2\/pages"}],"about":[{"href":"https:\/\/ulassa.com\/de\/wp-json\/wp\/v2\/types\/page"}],"author":[{"embeddable":true,"href":"https:\/\/ulassa.com\/de\/wp-json\/wp\/v2\/users\/12"}],"replies":[{"embeddable":true,"href":"https:\/\/ulassa.com\/de\/wp-json\/wp\/v2\/comments?post=17421"}],"version-history":[{"count":1,"href":"https:\/\/ulassa.com\/de\/wp-json\/wp\/v2\/pages\/17421\/revisions"}],"predecessor-version":[{"id":18093,"href":"https:\/\/ulassa.com\/de\/wp-json\/wp\/v2\/pages\/17421\/revisions\/18093"}],"wp:attachment":[{"href":"https:\/\/ulassa.com\/de\/wp-json\/wp\/v2\/media?parent=17421"}],"curies":[{"name":"wp","href":"https:\/\/api.w.org\/{rel}","templated":true}]}}