{"id":11944,"date":"2023-01-30T15:46:24","date_gmt":"2023-01-30T14:46:24","guid":{"rendered":"https:\/\/ulassa.com\/?page_id=11944"},"modified":"2023-02-08T16:00:15","modified_gmt":"2023-02-08T15:00:15","slug":"widerrufsbelehrung","status":"publish","type":"page","link":"https:\/\/ulassa.com\/de\/widerrufsbelehrung\/","title":{"rendered":"Widerrufsbelehrung"},"content":{"rendered":"<p><strong>Widerrufsrecht f\u00fcr Verbraucher\u00a0<\/strong><br \/>(Verbraucher ist jede nat\u00fcrliche Person, die ein Rechtsgesch\u00e4ft zu Zwecken abschlie\u00dft, die \u00fcberwiegend weder ihrer gewerblichen noch ihrer selbstst\u00e4ndigen beruflichen T\u00e4tigkeit zugerechnet werden k\u00f6nnen.)<br \/><br \/><strong>Widerrufsbelehrung<\/strong><br \/><br \/><strong>Widerrufsrecht<\/strong><br \/>Sie haben das Recht, binnen 14 Tagen ohne Angabe von Gr\u00fcnden diesen Vertrag zu widerrufen.<br \/>Die Widerrufsfrist betr\u00e4gt 14 Tage ab dem Tag,<br \/><br \/>&#8211; an dem Sie oder ein von Ihnen benannter Dritter, der nicht der Bef\u00f6rderer ist, die Waren in Besitz genommen haben bzw. hat, sofern Sie eine oder mehrere Waren im Rahmen einer einheitlichen Bestellung bestellt haben und diese einheitlich geliefert wird bzw. werden;<br \/><br \/>&#8211; an dem Sie oder ein von Ihnen benannter Dritter, der nicht der Bef\u00f6rderer ist, die letzte Ware in Besitz genommen haben bzw. hat, sofern Sie mehrere Waren im Rahmen einer einheitlichen Bestellung bestellt haben und diese getrennt geliefert werden;<br \/><br \/>&#8211; an dem Sie oder ein von Ihnen benannter Dritter, der nicht der Bef\u00f6rderer ist, die letzte Teilsendung oder das letzte St\u00fcck in Besitz genommen haben bzw. hat, sofern Sie eine Ware bestellt haben, die in mehreren Teilsendungen oder St\u00fccken geliefert wird;<br \/><br \/>Um Ihr Widerrufsrecht auszu\u00fcben, m\u00fcssen Sie uns\u00a0<strong>(Ulassa Ltd., Spyrou Kyrpianou Avenue 16, H&amp;S Centre, Office 22 16, 6058 Larnaca, Telefonnr.: +357 24022126, E-Mail-Adresse: feedback@ulassa.com)<\/strong>\u00a0mittels einer eindeutigen Erkl\u00e4rung (z.B. ein mit der Post versandter Brief oder eine E-Mail) \u00fcber Ihren Entschluss, diesen Vertrag zu widerrufen, informieren. Sie k\u00f6nnen daf\u00fcr das beigef\u00fcgte Muster-Widerrufsformular verwenden, das jedoch nicht vorgeschrieben ist.<br \/><br \/>Zur Wahrung der Widerrufsfrist reicht es aus, dass Sie die Mitteilung \u00fcber die Aus\u00fcbung des Widerrufsrechts vor Ablauf der Widerrufsfrist absenden.<br \/><br \/><strong>Folgen des Widerrufs<\/strong><br \/><br \/>Wenn Sie diesen Vertrag widerrufen, haben wir Ihnen alle Zahlungen, die wir von Ihnen erhalten haben, einschlie\u00dflich der Lieferkosten (mit Ausnahme der zus\u00e4tzlichen Kosten, die sich daraus ergeben, dass Sie eine andere Art der Lieferung als die von uns angebotene, g\u00fcnstigste Standardlieferung gew\u00e4hlt haben), unverz\u00fcglich und sp\u00e4testens binnen 14\u00a0Tagen\u00a0ab dem Tag zur\u00fcckzuzahlen, an dem die Mitteilung \u00fcber Ihren Widerruf dieses Vertrags bei uns eingegangen ist. F\u00fcr diese R\u00fcckzahlung verwenden wir dasselbe Zahlungsmittel, das Sie bei der urspr\u00fcnglichen Transaktion eingesetzt haben, es sei denn, mit Ihnen wurde ausdr\u00fccklich etwas anderes vereinbart; in keinem Fall werden Ihnen wegen dieser R\u00fcckzahlung Entgelte berechnet.<br \/><br \/>Wir k\u00f6nnen die R\u00fcckzahlung verweigern, bis wir die Waren wieder zur\u00fcckerhalten haben oder bis Sie den Nachweis erbracht haben, dass Sie die Waren zur\u00fcckgesandt haben, je nachdem, welches der fr\u00fchere Zeitpunkt ist.<br \/><br \/>Sie haben die Waren unverz\u00fcglich und in jedem Fall sp\u00e4testens binnen 14\u00a0Tagen\u00a0ab dem Tag, an dem Sie uns \u00fcber den Widerruf dieses Vertrags unterrichten, an uns\u00a0zur\u00fcckzusenden oder zu \u00fcbergeben. Die Frist ist gewahrt, wenn Sie die Waren vor Ablauf der Frist von\u00a014 Tagen\u00a0absenden.<br \/><br \/>Sie tragen die unmittelbaren Kosten der R\u00fccksendung der Waren.<br \/><br \/>Sie m\u00fcssen f\u00fcr einen etwaigen Wertverlust der Waren nur aufkommen, wenn dieser Wertverlust auf einen zur Pr\u00fcfung der Beschaffenheit, Eigenschaften und Funktionsweise der Waren nicht notwendigen Umgang mit ihnen zur\u00fcckzuf\u00fchren ist.<br \/><br \/><strong>Ausschluss- bzw. Erl\u00f6schensgr\u00fcnde<\/strong><br \/><br \/>Das Widerrufsrecht besteht nicht bei Vertr\u00e4gen<br \/><br \/>&#8211; zur Lieferung von Waren, die nicht vorgefertigt sind und f\u00fcr deren Herstellung eine individuelle Auswahl oder Bestimmung durch den Verbraucher ma\u00dfgeblich ist oder die eindeutig auf die pers\u00f6nlichen Bed\u00fcrfnisse des Verbrauchers zugeschnitten sind;<br \/>&#8211; zur Lieferung von Waren, die schnell verderben k\u00f6nnen oder deren Verfallsdatum schnell \u00fcberschritten w\u00fcrde;<br \/>&#8211; zur Lieferung alkoholischer Getr\u00e4nke, deren Preis bei Vertragsschluss vereinbart wurde, die aber fr\u00fchestens 30 Tage nach Vertragsschluss geliefert werden k\u00f6nnen und deren aktueller Wert von Schwankungen auf dem Markt abh\u00e4ngt, auf die der Unternehmer keinen Einfluss hat;<br \/>&#8211; zur Lieferung von Zeitungen, Zeitschriften oder Illustrierten mit Ausnahme von Abonnement-Vertr\u00e4gen.<br \/><br \/>Das Widerrufsrecht erlischt vorzeitig bei Vertr\u00e4gen<br \/><br \/>&#8211; zur Lieferung versiegelter Waren, die aus Gr\u00fcnden des Gesundheitsschutzes oder der Hygiene nicht zur R\u00fcckgabe geeignet sind, wenn ihre Versiegelung nach der Lieferung entfernt wurde;<br \/>&#8211; zur Lieferung von Waren, wenn diese nach der Lieferung aufgrund ihrer Beschaffenheit untrennbar mit anderen G\u00fctern vermischt wurden;<br \/>&#8211; zur Lieferung von Ton- oder Videoaufnahmen oder Computersoftware in einer versiegelten Packung, wenn die Versiegelung nach der Lieferung entfernt wurde.<br \/><br \/><\/p>\n<hr \/>\n<p><br \/><strong>Muster-Widerrufsformular<\/strong><br \/><br \/>(Wenn Sie den Vertrag widerrufen wollen, dann f\u00fcllen Sie bitte dieses Formular aus und senden Sie es zur\u00fcck.)<br \/><br \/>&#8211; An\u00a0Ulassa Ltd., Spyrou Kyrpianou Avenue 16, H&amp;S Centre, Office 22 16, 6058 Larnaca,\u00a0E-Mail-Adresse:\u00a0feedback@ulassa.com\u00a0:<br \/><br \/>&#8211; Hiermit widerrufe(n) ich\/ wir (*) den von mir\/ uns (*) abgeschlossenen Vertrag \u00fcber den Kauf der folgenden Waren (*)\/<br \/>\u00a0 die Erbringung der folgenden Dienstleistung (*)<br \/><br \/>&#8211; Bestellt am (*)\/ erhalten am (*)<br \/><br \/>&#8211; Name des\/ der Verbraucher(s)<br \/>&#8211; Anschrift des\/ der Verbraucher(s)<br \/>&#8211; Unterschrift des\/ der Verbraucher(s) (nur bei Mitteilung auf Papier)<br \/>&#8211; Datum<br \/><br \/>(*) Unzutreffendes streichen.<br \/><br \/><\/p>\n\n\n<p><strong>Widerrufsrecht f\u00fcr Verbraucher<\/strong><br>(Verbraucher ist jede nat\u00fcrliche Person, die ein Rechtsgesch\u00e4ft zu Zwecken abschlie\u00dft, die \u00fcberwiegend weder ihrer gewerblichen noch ihrer selbstst\u00e4ndigen beruflichen T\u00e4tigkeit zugerechnet werden k\u00f6nnen.)<\/p>\n\n\n\n<p><strong>Widerrufsbelehrung<\/strong><\/p>\n\n\n\n<p><strong>Widerrufsrecht<\/strong><br>Sie haben das Recht, binnen vierzehn Tagen ohne Angabe von Gr\u00fcnden diesen Vertrag zu widerrufen.<br>Die Widerrufsfrist betr\u00e4gt vierzehn Tage ab dem Tag des Vertragsabschlusses.<\/p>\n\n\n\n<p>Um Ihr Widerrufsrecht auszu\u00fcben, m\u00fcssen Sie uns (<strong>Ulassa Ltd., Spyrou Kyrpianou Avenue 16, H&amp;S Centre, Office 22 16, 6058 Larnaca, Telefonnummer: +4915122390030, E-Mail-Adresse: feedback@ulassa.com<\/strong>) mittels einer eindeutigen Erkl\u00e4rung (z.B. ein mit der Post versandter Brief oder eine E-Mail) \u00fcber Ihren Entschluss, diesen Vertrag zu widerrufen, informieren. Sie k\u00f6nnen daf\u00fcr das beigef\u00fcgte Muster-Widerrufsformular verwenden, das jedoch nicht vorgeschrieben ist.<\/p>\n\n\n\n<p>Zur Wahrung der Widerrufsfrist reicht es aus, dass Sie die Mitteilung \u00fcber die Aus\u00fcbung des Widerrufsrechts vor Ablauf der Widerrufsfrist absenden.<\/p>\n\n\n\n<p><strong>Folgen des Widerrufs<\/strong><br><br>Wenn Sie diesen Vertrag widerrufen, haben wir Ihnen alle Zahlungen, die wir von Ihnen erhalten haben, einschlie\u00dflich der Lieferkosten (mit Ausnahme der zus\u00e4tzlichen Kosten, die sich daraus ergeben, dass Sie eine andere Art der Lieferung als die von uns angebotene, g\u00fcnstigste Standardlieferung gew\u00e4hlt haben), unverz\u00fcglich und sp\u00e4testens binnen vierzehn Tagen ab dem Tag zur\u00fcckzuzahlen, an dem die Mitteilung \u00fcber Ihren Widerruf dieses Vertrags bei uns eingegangen ist. F\u00fcr diese R\u00fcckzahlung verwenden wir dasselbe Zahlungsmittel, das Sie bei der urspr\u00fcnglichen Transaktion eingesetzt haben, es sei denn, mit Ihnen wurde ausdr\u00fccklich etwas anderes vereinbart; in keinem Fall werden Ihnen wegen dieser R\u00fcckzahlung Entgelte berechnet.<\/p>\n\n\n\n<p>Haben Sie verlangt, dass die Dienstleistungen, f\u00fcr die der Vertrag die Zahlung eines Preises vorsieht, w\u00e4hrend der Widerrufsfrist beginnen soll, so haben Sie uns einen angemessenen Betrag zu zahlen, der dem Anteil der bis zu dem Zeitpunkt, zu dem Sie uns von der Aus\u00fcbung des Widerrufsrechts hinsichtlich dieses Vertrags unterrichten, bereits erbrachten Dienstleistungen im Vergleich zum Gesamtumfang der im Vertrag vorgesehenen Dienstleistungen entspricht.<\/p>\n\n\n\n<p><strong>Ausschluss- bzw. Erl\u00f6schensgr\u00fcnde<\/strong><\/p>\n\n\n\n<p>Das Widerrufsrecht besteht nicht bei Vertr\u00e4gen zur Erbringung von Dienstleistungen im Zusammenhang mit Freizeitbet\u00e4tigungen, wenn der Vertrag f\u00fcr die Erbringung einen spezifischen Termin oder Zeitraum vorsieht.<\/p>\n\n\n\n<p>Das Widerrufsrecht erlischt bei einem Vertrag \u00fcber die Erbringung von Dienstleistungen, der den Verbraucher zur Zahlung eines Preises verpflichtet, mit der vollst\u00e4ndigen Erbringung der Dienstleistung, wenn der Verbraucher vor Beginn der Erbringung ausdr\u00fccklich zugestimmt hat, dass der Unternehmer mit der Erbringung der Dienstleistung vor Ablauf der Widerrufsfrist beginnt und seine Kenntnis davon best\u00e4tigt hat, dass sein Widerrufsrecht mit vollst\u00e4ndiger Vertragserf\u00fcllung durch den Unternehmer erlischt.<br><\/p>\n\n\n\n<hr class=\"wp-block-separator has-alpha-channel-opacity\"\/>\n\n\n\n<p><strong>Muster-Widerrufsformular<\/strong><\/p>\n\n\n\n<p>(Wenn Sie den Vertrag widerrufen wollen, dann f\u00fcllen Sie bitte dieses Formular aus und senden Sie es zur\u00fcck.)<\/p>\n\n\n\n<p>&#8211; An&nbsp;Ulassa Ltd., Spyrou Kyrpianou Avenue 16, H&amp;S Centre, Office 22 16, 6058 Larnaca, E-Mail-Adresse: feedback@ulassa.com:<\/p>\n\n\n\n<p>&#8211; Hiermit widerrufe(n) ich\/ wir (*) den von mir\/ uns (*) abgeschlossenen Vertrag \u00fcber den Kauf der folgenden Waren (*)\/<br>&nbsp; die Erbringung der folgenden Dienstleistung (*)<\/p>\n\n\n\n<p>&#8211; Bestellt am (*)\/ erhalten am (*)<\/p>\n\n\n\n<p>&#8211; Name des\/ der Verbraucher(s)<br>&#8211; Anschrift des\/ der Verbraucher(s)<br>&#8211; Unterschrift des\/ der Verbraucher(s) (nur bei Mitteilung auf Papier)<br>&#8211; Datum<\/p>\n\n\n\n<p>(*) Unzutreffendes streichen.<\/p>\n\n\n\n<p><strong>Widerrufsrecht f\u00fcr Verbraucher<\/strong><br>(Verbraucher ist jede nat\u00fcrliche Person, die ein Rechtsgesch\u00e4ft zu Zwecken abschlie\u00dft, die \u00fcberwiegend weder ihrer gewerblichen noch ihrer selbstst\u00e4ndigen beruflichen T\u00e4tigkeit zugerechnet werden k\u00f6nnen.)<\/p>\n\n\n\n<p><strong>Widerrufsbelehrung f\u00fcr digitale Inhalte<\/strong><\/p>\n\n\n\n<p><strong>Widerrufsrecht<\/strong><br>Sie haben das Recht, binnen vierzehn Tagen ohne Angabe von Gr\u00fcnden diesen Vertrag zu widerrufen.<br>Die Widerrufsfrist betr\u00e4gt vierzehn Tage ab dem Tag des Vertragsabschlusses.<\/p>\n\n\n\n<p>Um Ihr Widerrufsrecht auszu\u00fcben, m\u00fcssen Sie uns (<strong>Ulassa Ltd., Spyrou Kyrpianou Avenue 16, H&amp;S Centre, Office 22 16, 6058 Larnaca, Telefonnummer: +4915122390030, E-Mail-Adresse: feedback@ulassa.com<\/strong>) mittels einer eindeutigen Erkl\u00e4rung (z.B. ein mit der Post versandter Brief oder eine E-Mail) \u00fcber Ihren Entschluss, diesen Vertrag zu widerrufen, informieren. Sie k\u00f6nnen daf\u00fcr das beigef\u00fcgte Muster-Widerrufsformular verwenden, das jedoch nicht vorgeschrieben ist.<\/p>\n\n\n\n<p>Zur Wahrung der Widerrufsfrist reicht es aus, dass Sie die Mitteilung \u00fcber die Aus\u00fcbung des Widerrufsrechts vor Ablauf der Widerrufsfrist absenden.<\/p>\n\n\n\n<p><strong>Folgen des Widerrufs<\/strong><br><br>Wenn Sie diesen Vertrag widerrufen, haben wir Ihnen alle Zahlungen, die wir von Ihnen erhalten haben, einschlie\u00dflich der Lieferkosten (mit Ausnahme der zus\u00e4tzlichen Kosten, die sich daraus ergeben, dass Sie eine andere Art der Lieferung als die von uns angebotene, g\u00fcnstigste Standardlieferung gew\u00e4hlt haben), unverz\u00fcglich und sp\u00e4testens binnen vierzehn Tagen ab dem Tag zur\u00fcckzuzahlen, an dem die Mitteilung \u00fcber Ihren Widerruf dieses Vertrags bei uns eingegangen ist. F\u00fcr diese R\u00fcckzahlung verwenden wir dasselbe Zahlungsmittel, das Sie bei der urspr\u00fcnglichen Transaktion eingesetzt haben, es sei denn, mit Ihnen wurde ausdr\u00fccklich etwas anderes vereinbart; in keinem Fall werden Ihnen wegen dieser R\u00fcckzahlung Entgelte berechnet.<\/p>\n\n\n\n<p><strong>Erl\u00f6schensgr\u00fcnde<\/strong><\/p>\n\n\n\n<p>Das Widerrufsrecht erlischt bei einem Vertrag \u00fcber die Bereitstellung von nicht auf einem k\u00f6rperlichen Datentr\u00e4ger befindlichen digitalen Inhalten, der den Verbraucher zur Zahlung eines Preises verpflichtet, wenn der Verbraucher:<\/p>\n\n\n\n<p>1. ausdr\u00fccklich zugestimmt hat, dass der Unternehmer mit der Vertragserf\u00fcllung vor Ablauf der Widerrufsfrist beginnt und<\/p>\n\n\n\n<p>2. seine Kenntnis davon best\u00e4tigt hat, dass durch seine Zustimmung mit Beginn der Vertragserf\u00fcllung sein Widerrufsrecht erlischt und<\/p>\n\n\n\n<p>3. der Unternehmer dem Verbraucher eine Best\u00e4tigung des Vertrags, innerhalb einer angemessenen Frist nach Vertragsschluss, sp\u00e4testens jedoch bei Bereitstellung der nicht auf einem k\u00f6rperlichen Datentr\u00e4ger befindlichen digitalen Inhalte, auf einem dauerhaften Datentr\u00e4ger zur Verf\u00fcgung gestellt hat:<\/p>\n\n\n\n<ul class=\"wp-block-list\">\n<li>in der der Vertragsinhalt wiedergegeben ist und<\/li>\n\n\n\n<li>auf der festgehalten ist, dass der Verbraucher vor Vertragserf\u00fcllung ausdr\u00fccklich zugestimmt hat, dass der Unternehmer mit der Vertragserf\u00fcllung vor Ablauf der Widerrufsfrist beginnt, und seine Kenntnis davon best\u00e4tigt hat, dass er durch seine Zustimmung mit Beginn der Vertragserf\u00fcllung sein Widerrufsrecht verliert.<\/li>\n<\/ul>\n\n\n\n<hr class=\"wp-block-separator has-alpha-channel-opacity\"\/>\n\n\n\n<p><strong>Muster-Widerrufsformular<\/strong><\/p>\n\n\n\n<p>(Wenn Sie den Vertrag widerrufen wollen, dann f\u00fcllen Sie bitte dieses Formular aus und senden Sie es zur\u00fcck.)<\/p>\n\n\n\n<p>&#8211; An&nbsp;Ulassa Ltd., Spyrou Kyrpianou Avenue 16, H&amp;S Centre, Office 22 16, 6058 Larnaca, E-Mail-Adresse: feedback@ulassa.com:<\/p>\n\n\n\n<p>&#8211; Hiermit widerrufe(n) ich\/ wir (*) den von mir\/ uns (*) abgeschlossenen Vertrag \u00fcber den Kauf der folgenden Waren (*)\/<br>&nbsp; die Erbringung der folgenden Dienstleistung (*)<\/p>\n\n\n\n<p>&#8211; Bestellt am (*)\/ erhalten am (*)<\/p>\n\n\n\n<p>&#8211; Name des\/ der Verbraucher(s)<br>&#8211; Anschrift des\/ der Verbraucher(s)<br>&#8211; Unterschrift des\/ der Verbraucher(s) (nur bei Mitteilung auf Papier)<br>&#8211; Datum<\/p>\n\n\n\n<p>(*) Unzutreffendes streichen.<\/p>\n","protected":false},"excerpt":{"rendered":"<p>Widerrufsrecht f\u00fcr Verbraucher\u00a0(Verbraucher ist jede nat\u00fcrliche Person, die ein Rechtsgesch\u00e4ft zu Zwecken abschlie\u00dft, die \u00fcberwiegend weder ihrer gewerblichen noch ihrer selbstst\u00e4ndigen beruflichen T\u00e4tigkeit zugerechnet werden k\u00f6nnen.) Widerrufsbelehrung WiderrufsrechtSie haben das Recht, binnen 14 Tagen ohne Angabe von Gr\u00fcnden diesen Vertrag zu widerrufen.Die Widerrufsfrist betr\u00e4gt 14 Tage ab dem Tag, &#8211; an dem Sie oder ein [&hellip;]<\/p>\n","protected":false},"author":1,"featured_media":0,"parent":0,"menu_order":0,"comment_status":"closed","ping_status":"closed","template":"","meta":{"_acf_changed":false,"footnotes":""},"class_list":["post-11944","page","type-page","status-publish","hentry"],"acf":[],"yoast_head":"<!-- This site is optimized with the Yoast SEO plugin v27.0 - https:\/\/yoast.com\/product\/yoast-seo-wordpress\/ -->\n<title>Widerrufsbelehrung - Ulassa<\/title>\n<meta name=\"robots\" content=\"index, follow, max-snippet:-1, max-image-preview:large, max-video-preview:-1\" \/>\n<link rel=\"canonical\" href=\"https:\/\/ulassa.com\/de\/widerrufsbelehrung\/\" \/>\n<meta property=\"og:locale\" content=\"de_DE\" \/>\n<meta property=\"og:type\" content=\"article\" \/>\n<meta property=\"og:title\" content=\"Widerrufsbelehrung - Ulassa\" \/>\n<meta property=\"og:description\" content=\"Widerrufsrecht f\u00fcr Verbraucher\u00a0(Verbraucher ist jede nat\u00fcrliche Person, die ein Rechtsgesch\u00e4ft zu Zwecken abschlie\u00dft, die \u00fcberwiegend weder ihrer gewerblichen noch ihrer selbstst\u00e4ndigen beruflichen T\u00e4tigkeit zugerechnet werden k\u00f6nnen.) Widerrufsbelehrung WiderrufsrechtSie haben das Recht, binnen 14 Tagen ohne Angabe von Gr\u00fcnden diesen Vertrag zu widerrufen.Die Widerrufsfrist betr\u00e4gt 14 Tage ab dem Tag, &#8211; an dem Sie oder ein [&hellip;]\" \/>\n<meta property=\"og:url\" content=\"https:\/\/ulassa.com\/de\/widerrufsbelehrung\/\" \/>\n<meta property=\"og:site_name\" content=\"Ulassa\" \/>\n<meta property=\"article:publisher\" content=\"https:\/\/www.facebook.com\/ulassacom\" \/>\n<meta property=\"article:modified_time\" content=\"2023-02-08T15:00:15+00:00\" \/>\n<meta property=\"og:image\" content=\"https:\/\/ulassa.com\/wp-content\/uploads\/2022\/08\/ulassa-home-slider.jpg\" \/>\n\t<meta property=\"og:image:width\" content=\"1920\" \/>\n\t<meta property=\"og:image:height\" content=\"1040\" \/>\n\t<meta property=\"og:image:type\" content=\"image\/jpeg\" \/>\n<meta name=\"twitter:card\" content=\"summary_large_image\" \/>\n<meta name=\"twitter:label1\" content=\"Gesch\u00e4tzte Lesezeit\" \/>\n\t<meta name=\"twitter:data1\" content=\"10\u00a0Minuten\" \/>\n<script type=\"application\/ld+json\" class=\"yoast-schema-graph\">{\"@context\":\"https:\/\/schema.org\",\"@graph\":[{\"@type\":\"WebPage\",\"@id\":\"https:\/\/ulassa.com\/de\/widerrufsbelehrung\/\",\"url\":\"https:\/\/ulassa.com\/de\/widerrufsbelehrung\/\",\"name\":\"Widerrufsbelehrung - Ulassa\",\"isPartOf\":{\"@id\":\"https:\/\/ulassa.com\/de\/#website\"},\"datePublished\":\"2023-01-30T14:46:24+00:00\",\"dateModified\":\"2023-02-08T15:00:15+00:00\",\"inLanguage\":\"de\",\"potentialAction\":[{\"@type\":\"ReadAction\",\"target\":[\"https:\/\/ulassa.com\/de\/widerrufsbelehrung\/\"]}]},{\"@type\":\"WebSite\",\"@id\":\"https:\/\/ulassa.com\/de\/#website\",\"url\":\"https:\/\/ulassa.com\/de\/\",\"name\":\"Ulassa\",\"description\":\"\",\"publisher\":{\"@id\":\"https:\/\/ulassa.com\/de\/#organization\"},\"potentialAction\":[{\"@type\":\"SearchAction\",\"target\":{\"@type\":\"EntryPoint\",\"urlTemplate\":\"https:\/\/ulassa.com\/de\/?s={search_term_string}\"},\"query-input\":{\"@type\":\"PropertyValueSpecification\",\"valueRequired\":true,\"valueName\":\"search_term_string\"}}],\"inLanguage\":\"de\"},{\"@type\":\"Organization\",\"@id\":\"https:\/\/ulassa.com\/de\/#organization\",\"name\":\"Ulassa\",\"url\":\"https:\/\/ulassa.com\/de\/\",\"logo\":{\"@type\":\"ImageObject\",\"inLanguage\":\"de\",\"@id\":\"https:\/\/ulassa.com\/de\/#\/schema\/logo\/image\/\",\"url\":\"https:\/\/ulassa.com\/wp-content\/uploads\/2022\/02\/ulassa-logo-1.svg\",\"contentUrl\":\"https:\/\/ulassa.com\/wp-content\/uploads\/2022\/02\/ulassa-logo-1.svg\",\"caption\":\"Ulassa\"},\"image\":{\"@id\":\"https:\/\/ulassa.com\/de\/#\/schema\/logo\/image\/\"},\"sameAs\":[\"https:\/\/www.facebook.com\/ulassacom\",\"https:\/\/www.instagram.com\/ulassacom\/\",\"https:\/\/www.linkedin.com\/company\/ulassa\/\",\"https:\/\/www.youtube.com\/@svenkoble\"]}]}<\/script>\n<!-- \/ Yoast SEO plugin. -->","yoast_head_json":{"title":"Widerrufsbelehrung - Ulassa","robots":{"index":"index","follow":"follow","max-snippet":"max-snippet:-1","max-image-preview":"max-image-preview:large","max-video-preview":"max-video-preview:-1"},"canonical":"https:\/\/ulassa.com\/de\/widerrufsbelehrung\/","og_locale":"de_DE","og_type":"article","og_title":"Widerrufsbelehrung - Ulassa","og_description":"Widerrufsrecht f\u00fcr Verbraucher\u00a0(Verbraucher ist jede nat\u00fcrliche Person, die ein Rechtsgesch\u00e4ft zu Zwecken abschlie\u00dft, die \u00fcberwiegend weder ihrer gewerblichen noch ihrer selbstst\u00e4ndigen beruflichen T\u00e4tigkeit zugerechnet werden k\u00f6nnen.) Widerrufsbelehrung WiderrufsrechtSie haben das Recht, binnen 14 Tagen ohne Angabe von Gr\u00fcnden diesen Vertrag zu widerrufen.Die Widerrufsfrist betr\u00e4gt 14 Tage ab dem Tag, &#8211; an dem Sie oder ein [&hellip;]","og_url":"https:\/\/ulassa.com\/de\/widerrufsbelehrung\/","og_site_name":"Ulassa","article_publisher":"https:\/\/www.facebook.com\/ulassacom","article_modified_time":"2023-02-08T15:00:15+00:00","og_image":[{"width":1920,"height":1040,"url":"https:\/\/ulassa.com\/wp-content\/uploads\/2022\/08\/ulassa-home-slider.jpg","type":"image\/jpeg"}],"twitter_card":"summary_large_image","twitter_misc":{"Gesch\u00e4tzte Lesezeit":"10\u00a0Minuten"},"schema":{"@context":"https:\/\/schema.org","@graph":[{"@type":"WebPage","@id":"https:\/\/ulassa.com\/de\/widerrufsbelehrung\/","url":"https:\/\/ulassa.com\/de\/widerrufsbelehrung\/","name":"Widerrufsbelehrung - Ulassa","isPartOf":{"@id":"https:\/\/ulassa.com\/de\/#website"},"datePublished":"2023-01-30T14:46:24+00:00","dateModified":"2023-02-08T15:00:15+00:00","inLanguage":"de","potentialAction":[{"@type":"ReadAction","target":["https:\/\/ulassa.com\/de\/widerrufsbelehrung\/"]}]},{"@type":"WebSite","@id":"https:\/\/ulassa.com\/de\/#website","url":"https:\/\/ulassa.com\/de\/","name":"Ulassa","description":"","publisher":{"@id":"https:\/\/ulassa.com\/de\/#organization"},"potentialAction":[{"@type":"SearchAction","target":{"@type":"EntryPoint","urlTemplate":"https:\/\/ulassa.com\/de\/?s={search_term_string}"},"query-input":{"@type":"PropertyValueSpecification","valueRequired":true,"valueName":"search_term_string"}}],"inLanguage":"de"},{"@type":"Organization","@id":"https:\/\/ulassa.com\/de\/#organization","name":"Ulassa","url":"https:\/\/ulassa.com\/de\/","logo":{"@type":"ImageObject","inLanguage":"de","@id":"https:\/\/ulassa.com\/de\/#\/schema\/logo\/image\/","url":"https:\/\/ulassa.com\/wp-content\/uploads\/2022\/02\/ulassa-logo-1.svg","contentUrl":"https:\/\/ulassa.com\/wp-content\/uploads\/2022\/02\/ulassa-logo-1.svg","caption":"Ulassa"},"image":{"@id":"https:\/\/ulassa.com\/de\/#\/schema\/logo\/image\/"},"sameAs":["https:\/\/www.facebook.com\/ulassacom","https:\/\/www.instagram.com\/ulassacom\/","https:\/\/www.linkedin.com\/company\/ulassa\/","https:\/\/www.youtube.com\/@svenkoble"]}]}},"_links":{"self":[{"href":"https:\/\/ulassa.com\/de\/wp-json\/wp\/v2\/pages\/11944","targetHints":{"allow":["GET"]}}],"collection":[{"href":"https:\/\/ulassa.com\/de\/wp-json\/wp\/v2\/pages"}],"about":[{"href":"https:\/\/ulassa.com\/de\/wp-json\/wp\/v2\/types\/page"}],"author":[{"embeddable":true,"href":"https:\/\/ulassa.com\/de\/wp-json\/wp\/v2\/users\/1"}],"replies":[{"embeddable":true,"href":"https:\/\/ulassa.com\/de\/wp-json\/wp\/v2\/comments?post=11944"}],"version-history":[{"count":0,"href":"https:\/\/ulassa.com\/de\/wp-json\/wp\/v2\/pages\/11944\/revisions"}],"wp:attachment":[{"href":"https:\/\/ulassa.com\/de\/wp-json\/wp\/v2\/media?parent=11944"}],"curies":[{"name":"wp","href":"https:\/\/api.w.org\/{rel}","templated":true}]}}